{"id":1424,"date":"2023-01-07T14:15:40","date_gmt":"2023-01-07T13:15:40","guid":{"rendered":"https:\/\/magalufclubpass.com\/veranstaltungskalender\/"},"modified":"2025-07-24T10:06:32","modified_gmt":"2025-07-24T08:06:32","slug":"veranstaltungskalender","status":"publish","type":"page","link":"https:\/\/magalufclubpass.com\/de\/veranstaltungskalender\/","title":{"rendered":"Veranstaltungskalender"},"content":{"rendered":"\t\t<div data-elementor-type=\"wp-page\" data-elementor-id=\"1424\" class=\"elementor elementor-1424 elementor-174\" data-elementor-post-type=\"page\">\n\t\t\t\t<div class=\"elementor-element elementor-element-6a32243e e-flex e-con-boxed e-con e-parent\" data-id=\"6a32243e\" data-element_type=\"container\" data-e-type=\"container\" data-settings=\"{&quot;background_background&quot;:&quot;classic&quot;}\">\n\t\t\t\t\t<div class=\"e-con-inner\">\n\t\t\t\t<div class=\"elementor-element elementor-element-53d7342 elementor-widget elementor-widget-heading\" data-id=\"53d7342\" data-element_type=\"widget\" data-e-type=\"widget\" data-widget_type=\"heading.default\">\n\t\t\t\t<div class=\"elementor-widget-container\">\n\t\t\t\t\t<h1 class=\"elementor-heading-title elementor-size-default\">2024 Veranstaltungskalender<\/h1>\t\t\t\t<\/div>\n\t\t\t\t<\/div>\n\t\t\t\t<div class=\"elementor-element elementor-element-5e87897 elementor-widget elementor-widget-shortcode\" data-id=\"5e87897\" data-element_type=\"widget\" data-e-type=\"widget\" data-widget_type=\"shortcode.default\">\n\t\t\t\t<div class=\"elementor-widget-container\">\n\t\t\t\t\t\t\t<div class=\"elementor-shortcode\">[add_eventon tiles=\"yes\" tile_bg=\"1\" tile_count=\"4\" tile_style=\"1\" event_past_future=\"future\" tile_height=\"\u201d350\u2033\" jumper=\"yes\" bottom_nav=\"no\" exp_jumper=\"yes\" jumper_offset=\"2\" jumper_count=\"1\"]<\/div>\n\t\t\t\t\t\t<\/div>\n\t\t\t\t<\/div>\n\t\t\t\t\t<\/div>\n\t\t\t\t<\/div>\n\t\t<div class=\"elementor-element elementor-element-76da08e e-flex e-con-boxed e-con e-parent\" data-id=\"76da08e\" data-element_type=\"container\" data-e-type=\"container\" data-settings=\"{&quot;background_background&quot;:&quot;classic&quot;}\">\n\t\t\t\t\t<div class=\"e-con-inner\">\n\t\t<div class=\"elementor-element elementor-element-252d604 e-con-full e-flex e-con e-child\" data-id=\"252d604\" data-element_type=\"container\" data-e-type=\"container\">\n\t\t\t\t<div class=\"elementor-element elementor-element-dc4d611 elementor-widget elementor-widget-heading\" data-id=\"dc4d611\" data-element_type=\"widget\" data-e-type=\"widget\" data-widget_type=\"heading.default\">\n\t\t\t\t<div class=\"elementor-widget-container\">\n\t\t\t\t\t<h2 class=\"elementor-heading-title elementor-size-default\">Bestellen Sie Ihr MCP Smart Wristband jetzt online<\/h2>\t\t\t\t<\/div>\n\t\t\t\t<\/div>\n\t\t\t\t<div class=\"elementor-element elementor-element-52f39f5 elementor-widget elementor-widget-text-editor\" data-id=\"52f39f5\" data-element_type=\"widget\" data-e-type=\"widget\" data-widget_type=\"text-editor.default\">\n\t\t\t\t<div class=\"elementor-widget-container\">\n\t\t\t\t\t\t\t\t\t<p>Mit Ihrem MCP-Smart-Armband haben Sie nicht nur Zugang zu allen f\u00fcnf Nachtclubs, sondern auch ein Barguthaben, das Sie f\u00fcr Getr\u00e4nke in allen Nachtclubs in derselben Nacht verwenden k\u00f6nnen!<\/p><p>Kaufen Sie jetzt online, sparen Sie Geld und holen Sie Ihr Armband am Eingang eines unserer Nachtclubs ab, wenn Sie ankommen.<\/p>\t\t\t\t\t\t\t\t<\/div>\n\t\t\t\t<\/div>\n\t\t<div class=\"elementor-element elementor-element-eaf348c e-flex e-con-boxed e-con e-child\" data-id=\"eaf348c\" data-element_type=\"container\" data-e-type=\"container\">\n\t\t\t\t\t<div class=\"e-con-inner\">\n\t\t\t\t<div class=\"elementor-element elementor-element-9449e76 elementor-align-center elementor-mobile-align-left elementor-widget elementor-widget-button\" data-id=\"9449e76\" data-element_type=\"widget\" data-e-type=\"widget\" data-widget_type=\"button.default\">\n\t\t\t\t<div class=\"elementor-widget-container\">\n\t\t\t\t\t\t\t\t\t<div class=\"elementor-button-wrapper\">\n\t\t\t\t\t<a class=\"elementor-button elementor-button-link elementor-size-lg\" href=\"https:\/\/magalufclubpass.com\/de\/tickets\/#buynow\">\n\t\t\t\t\t\t<span class=\"elementor-button-content-wrapper\">\n\t\t\t\t\t\t\t\t\t<span class=\"elementor-button-text\">Jetzt kaufen<\/span>\n\t\t\t\t\t<\/span>\n\t\t\t\t\t<\/a>\n\t\t\t\t<\/div>\n\t\t\t\t\t\t\t\t<\/div>\n\t\t\t\t<\/div>\n\t\t\t\t<div class=\"elementor-element elementor-element-9acb868 elementor-align-center elementor-widget elementor-widget-button\" data-id=\"9acb868\" data-element_type=\"widget\" data-e-type=\"widget\" data-widget_type=\"button.default\">\n\t\t\t\t<div class=\"elementor-widget-container\">\n\t\t\t\t\t\t\t\t\t<div class=\"elementor-button-wrapper\">\n\t\t\t\t\t<a class=\"elementor-button elementor-button-link elementor-size-lg\" href=\"https:\/\/magalufclubpass.com\/de\/tickets\/\">\n\t\t\t\t\t\t<span class=\"elementor-button-content-wrapper\">\n\t\t\t\t\t\t\t\t\t<span class=\"elementor-button-text\">Mehr erfahren<\/span>\n\t\t\t\t\t<\/span>\n\t\t\t\t\t<\/a>\n\t\t\t\t<\/div>\n\t\t\t\t\t\t\t\t<\/div>\n\t\t\t\t<\/div>\n\t\t\t\t\t<\/div>\n\t\t\t\t<\/div>\n\t\t\t\t<\/div>\n\t\t<div class=\"elementor-element elementor-element-a250c75 e-con-full e-flex e-con e-child\" data-id=\"a250c75\" data-element_type=\"container\" data-e-type=\"container\">\n\t\t\t\t<div class=\"elementor-element elementor-element-5f6b28c elementor-widget elementor-widget-image\" data-id=\"5f6b28c\" data-element_type=\"widget\" data-e-type=\"widget\" data-widget_type=\"image.default\">\n\t\t\t\t<div class=\"elementor-widget-container\">\n\t\t\t\t\t\t\t\t\t\t\t\t\t\t\t<img fetchpriority=\"high\" decoding=\"async\" width=\"777\" height=\"367\" src=\"https:\/\/magalufclubpass.com\/wp-content\/uploads\/2023\/01\/MCP-Band-e1674126768707.png\" class=\"attachment-full size-full wp-image-1281\" alt=\"MCP band\" srcset=\"https:\/\/magalufclubpass.com\/wp-content\/uploads\/2023\/01\/MCP-Band-e1674126768707.png 777w, https:\/\/magalufclubpass.com\/wp-content\/uploads\/2023\/01\/MCP-Band-e1674126768707-600x283.png 600w, https:\/\/magalufclubpass.com\/wp-content\/uploads\/2023\/01\/MCP-Band-e1674126768707-300x142.png 300w, https:\/\/magalufclubpass.com\/wp-content\/uploads\/2023\/01\/MCP-Band-e1674126768707-768x363.png 768w\" sizes=\"(max-width: 777px) 100vw, 777px\" \/>\t\t\t\t\t\t\t\t\t\t\t\t\t\t\t<\/div>\n\t\t\t\t<\/div>\n\t\t\t\t<\/div>\n\t\t\t\t\t<\/div>\n\t\t\t\t<\/div>\n\t\t\t\t<\/div>\n\t\t","protected":false},"excerpt":{"rendered":"<p>2024 Veranstaltungskalender [add_eventon tiles=&#8220;yes&#8220; tile_bg=&#8220;1&#8243; tile_count=&#8220;4&#8243; tile_style=&#8220;1&#8243; event_past_future=&#8220;future&#8220; tile_height=&#8220;\u201d350\u2033&#8220; jumper=&#8220;yes&#8220; bottom_nav=&#8220;no&#8220; exp_jumper=&#8220;yes&#8220; jumper_offset=&#8220;2&#8243; jumper_count=&#8220;1&#8243;] Bestellen Sie Ihr MCP Smart Wristband jetzt online Mit Ihrem MCP-Smart-Armband haben Sie nicht nur Zugang zu allen f\u00fcnf Nachtclubs, sondern auch ein Barguthaben, das Sie f\u00fcr Getr\u00e4nke in allen Nachtclubs in derselben Nacht verwenden k\u00f6nnen! Kaufen Sie jetzt online, sparen [&hellip;]<\/p>\n","protected":false},"author":1,"featured_media":1233,"parent":0,"menu_order":0,"comment_status":"closed","ping_status":"closed","template":"","meta":{"footnotes":""},"class_list":["post-1424","page","type-page","status-publish","has-post-thumbnail","hentry"],"blocksy_meta":{"styles_descriptor":{"styles":{"desktop":"","tablet":"","mobile":""},"google_fonts":[],"version":6}},"yoast_head":"<!-- This site is optimized with the Yoast SEO plugin v27.3 - https:\/\/yoast.com\/product\/yoast-seo-wordpress\/ -->\n<title>Veranstaltungskalender | Magaluf Club Pass | MCP<\/title>\n<meta name=\"description\" content=\"Magaluf Nachtclub 2024 Veranstaltungskalender. Veranstaltungen, die w\u00e4hrend Ihres Aufenthalts in Magaluf stattfinden, und buchen Sie Ihre Tickets online.\" \/>\n<meta name=\"robots\" content=\"index, follow, max-snippet:-1, max-image-preview:large, max-video-preview:-1\" \/>\n<link rel=\"canonical\" href=\"https:\/\/magalufclubpass.com\/de\/veranstaltungskalender\/\" \/>\n<meta property=\"og:locale\" content=\"de_DE\" \/>\n<meta property=\"og:type\" content=\"article\" \/>\n<meta property=\"og:title\" content=\"Veranstaltungskalender | Magaluf Club Pass | MCP\" \/>\n<meta property=\"og:description\" content=\"Magaluf Nachtclub 2024 Veranstaltungskalender. Veranstaltungen, die w\u00e4hrend Ihres Aufenthalts in Magaluf stattfinden, und buchen Sie Ihre Tickets online.\" \/>\n<meta property=\"og:url\" content=\"https:\/\/magalufclubpass.com\/de\/veranstaltungskalender\/\" \/>\n<meta property=\"og:site_name\" content=\"MCP\" \/>\n<meta property=\"article:modified_time\" content=\"2025-07-24T08:06:32+00:00\" \/>\n<meta property=\"og:image\" content=\"https:\/\/magalufclubpass.com\/wp-content\/uploads\/2023\/01\/1-4-scaled-e1674123112876.jpg\" \/>\n\t<meta property=\"og:image:width\" content=\"1707\" \/>\n\t<meta property=\"og:image:height\" content=\"2067\" \/>\n\t<meta property=\"og:image:type\" content=\"image\/jpeg\" \/>\n<meta name=\"twitter:card\" content=\"summary_large_image\" \/>\n<script type=\"application\/ld+json\" class=\"yoast-schema-graph\">{\"@context\":\"https:\\\/\\\/schema.org\",\"@graph\":[{\"@type\":\"WebPage\",\"@id\":\"https:\\\/\\\/magalufclubpass.com\\\/de\\\/veranstaltungskalender\\\/\",\"url\":\"https:\\\/\\\/magalufclubpass.com\\\/de\\\/veranstaltungskalender\\\/\",\"name\":\"Veranstaltungskalender | Magaluf Club Pass | MCP\",\"isPartOf\":{\"@id\":\"https:\\\/\\\/magalufclubpass.com\\\/de\\\/#website\"},\"primaryImageOfPage\":{\"@id\":\"https:\\\/\\\/magalufclubpass.com\\\/de\\\/veranstaltungskalender\\\/#primaryimage\"},\"image\":{\"@id\":\"https:\\\/\\\/magalufclubpass.com\\\/de\\\/veranstaltungskalender\\\/#primaryimage\"},\"thumbnailUrl\":\"https:\\\/\\\/magalufclubpass.com\\\/wp-content\\\/uploads\\\/2023\\\/01\\\/1-4-scaled-e1674123112876.jpg\",\"datePublished\":\"2023-01-07T13:15:40+00:00\",\"dateModified\":\"2025-07-24T08:06:32+00:00\",\"description\":\"Magaluf Nachtclub 2024 Veranstaltungskalender. Veranstaltungen, die w\u00e4hrend Ihres Aufenthalts in Magaluf stattfinden, und buchen Sie Ihre Tickets online.\",\"breadcrumb\":{\"@id\":\"https:\\\/\\\/magalufclubpass.com\\\/de\\\/veranstaltungskalender\\\/#breadcrumb\"},\"inLanguage\":\"de\",\"potentialAction\":[{\"@type\":\"ReadAction\",\"target\":[\"https:\\\/\\\/magalufclubpass.com\\\/de\\\/veranstaltungskalender\\\/\"]}]},{\"@type\":\"ImageObject\",\"inLanguage\":\"de\",\"@id\":\"https:\\\/\\\/magalufclubpass.com\\\/de\\\/veranstaltungskalender\\\/#primaryimage\",\"url\":\"https:\\\/\\\/magalufclubpass.com\\\/wp-content\\\/uploads\\\/2023\\\/01\\\/1-4-scaled-e1674123112876.jpg\",\"contentUrl\":\"https:\\\/\\\/magalufclubpass.com\\\/wp-content\\\/uploads\\\/2023\\\/01\\\/1-4-scaled-e1674123112876.jpg\",\"width\":1707,\"height\":2067,\"caption\":\"Tokio Joes Live acts\"},{\"@type\":\"BreadcrumbList\",\"@id\":\"https:\\\/\\\/magalufclubpass.com\\\/de\\\/veranstaltungskalender\\\/#breadcrumb\",\"itemListElement\":[{\"@type\":\"ListItem\",\"position\":1,\"name\":\"Home\",\"item\":\"https:\\\/\\\/magalufclubpass.com\\\/de\\\/mcp\\\/\"},{\"@type\":\"ListItem\",\"position\":2,\"name\":\"Veranstaltungskalender\"}]},{\"@type\":\"WebSite\",\"@id\":\"https:\\\/\\\/magalufclubpass.com\\\/de\\\/#website\",\"url\":\"https:\\\/\\\/magalufclubpass.com\\\/de\\\/\",\"name\":\"Magaluf Club Pass | MCP\",\"description\":\"Magaluf Club Pass\",\"publisher\":{\"@id\":\"https:\\\/\\\/magalufclubpass.com\\\/de\\\/#organization\"},\"alternateName\":\"MCP\",\"potentialAction\":[{\"@type\":\"SearchAction\",\"target\":{\"@type\":\"EntryPoint\",\"urlTemplate\":\"https:\\\/\\\/magalufclubpass.com\\\/de\\\/?s={search_term_string}\"},\"query-input\":{\"@type\":\"PropertyValueSpecification\",\"valueRequired\":true,\"valueName\":\"search_term_string\"}}],\"inLanguage\":\"de\"},{\"@type\":\"Organization\",\"@id\":\"https:\\\/\\\/magalufclubpass.com\\\/de\\\/#organization\",\"name\":\"Magaluf Club Pass | MCP\",\"url\":\"https:\\\/\\\/magalufclubpass.com\\\/de\\\/\",\"logo\":{\"@type\":\"ImageObject\",\"inLanguage\":\"de\",\"@id\":\"https:\\\/\\\/magalufclubpass.com\\\/de\\\/#\\\/schema\\\/logo\\\/image\\\/\",\"url\":\"https:\\\/\\\/magalufclubpass.com\\\/wp-content\\\/uploads\\\/2022\\\/12\\\/cropped-mcp2-e1679768097857.png\",\"contentUrl\":\"https:\\\/\\\/magalufclubpass.com\\\/wp-content\\\/uploads\\\/2022\\\/12\\\/cropped-mcp2-e1679768097857.png\",\"width\":512,\"height\":267,\"caption\":\"Magaluf Club Pass | MCP\"},\"image\":{\"@id\":\"https:\\\/\\\/magalufclubpass.com\\\/de\\\/#\\\/schema\\\/logo\\\/image\\\/\"}}]}<\/script>\n<!-- \/ Yoast SEO plugin. -->","yoast_head_json":{"title":"Veranstaltungskalender | Magaluf Club Pass | MCP","description":"Magaluf Nachtclub 2024 Veranstaltungskalender. Veranstaltungen, die w\u00e4hrend Ihres Aufenthalts in Magaluf stattfinden, und buchen Sie Ihre Tickets online.","robots":{"index":"index","follow":"follow","max-snippet":"max-snippet:-1","max-image-preview":"max-image-preview:large","max-video-preview":"max-video-preview:-1"},"canonical":"https:\/\/magalufclubpass.com\/de\/veranstaltungskalender\/","og_locale":"de_DE","og_type":"article","og_title":"Veranstaltungskalender | Magaluf Club Pass | MCP","og_description":"Magaluf Nachtclub 2024 Veranstaltungskalender. Veranstaltungen, die w\u00e4hrend Ihres Aufenthalts in Magaluf stattfinden, und buchen Sie Ihre Tickets online.","og_url":"https:\/\/magalufclubpass.com\/de\/veranstaltungskalender\/","og_site_name":"MCP","article_modified_time":"2025-07-24T08:06:32+00:00","og_image":[{"width":1707,"height":2067,"url":"https:\/\/magalufclubpass.com\/wp-content\/uploads\/2023\/01\/1-4-scaled-e1674123112876.jpg","type":"image\/jpeg"}],"twitter_card":"summary_large_image","schema":{"@context":"https:\/\/schema.org","@graph":[{"@type":"WebPage","@id":"https:\/\/magalufclubpass.com\/de\/veranstaltungskalender\/","url":"https:\/\/magalufclubpass.com\/de\/veranstaltungskalender\/","name":"Veranstaltungskalender | Magaluf Club Pass | MCP","isPartOf":{"@id":"https:\/\/magalufclubpass.com\/de\/#website"},"primaryImageOfPage":{"@id":"https:\/\/magalufclubpass.com\/de\/veranstaltungskalender\/#primaryimage"},"image":{"@id":"https:\/\/magalufclubpass.com\/de\/veranstaltungskalender\/#primaryimage"},"thumbnailUrl":"https:\/\/magalufclubpass.com\/wp-content\/uploads\/2023\/01\/1-4-scaled-e1674123112876.jpg","datePublished":"2023-01-07T13:15:40+00:00","dateModified":"2025-07-24T08:06:32+00:00","description":"Magaluf Nachtclub 2024 Veranstaltungskalender. Veranstaltungen, die w\u00e4hrend Ihres Aufenthalts in Magaluf stattfinden, und buchen Sie Ihre Tickets online.","breadcrumb":{"@id":"https:\/\/magalufclubpass.com\/de\/veranstaltungskalender\/#breadcrumb"},"inLanguage":"de","potentialAction":[{"@type":"ReadAction","target":["https:\/\/magalufclubpass.com\/de\/veranstaltungskalender\/"]}]},{"@type":"ImageObject","inLanguage":"de","@id":"https:\/\/magalufclubpass.com\/de\/veranstaltungskalender\/#primaryimage","url":"https:\/\/magalufclubpass.com\/wp-content\/uploads\/2023\/01\/1-4-scaled-e1674123112876.jpg","contentUrl":"https:\/\/magalufclubpass.com\/wp-content\/uploads\/2023\/01\/1-4-scaled-e1674123112876.jpg","width":1707,"height":2067,"caption":"Tokio Joes Live acts"},{"@type":"BreadcrumbList","@id":"https:\/\/magalufclubpass.com\/de\/veranstaltungskalender\/#breadcrumb","itemListElement":[{"@type":"ListItem","position":1,"name":"Home","item":"https:\/\/magalufclubpass.com\/de\/mcp\/"},{"@type":"ListItem","position":2,"name":"Veranstaltungskalender"}]},{"@type":"WebSite","@id":"https:\/\/magalufclubpass.com\/de\/#website","url":"https:\/\/magalufclubpass.com\/de\/","name":"Magaluf Club Pass | MCP","description":"Magaluf Club Pass","publisher":{"@id":"https:\/\/magalufclubpass.com\/de\/#organization"},"alternateName":"MCP","potentialAction":[{"@type":"SearchAction","target":{"@type":"EntryPoint","urlTemplate":"https:\/\/magalufclubpass.com\/de\/?s={search_term_string}"},"query-input":{"@type":"PropertyValueSpecification","valueRequired":true,"valueName":"search_term_string"}}],"inLanguage":"de"},{"@type":"Organization","@id":"https:\/\/magalufclubpass.com\/de\/#organization","name":"Magaluf Club Pass | MCP","url":"https:\/\/magalufclubpass.com\/de\/","logo":{"@type":"ImageObject","inLanguage":"de","@id":"https:\/\/magalufclubpass.com\/de\/#\/schema\/logo\/image\/","url":"https:\/\/magalufclubpass.com\/wp-content\/uploads\/2022\/12\/cropped-mcp2-e1679768097857.png","contentUrl":"https:\/\/magalufclubpass.com\/wp-content\/uploads\/2022\/12\/cropped-mcp2-e1679768097857.png","width":512,"height":267,"caption":"Magaluf Club Pass | MCP"},"image":{"@id":"https:\/\/magalufclubpass.com\/de\/#\/schema\/logo\/image\/"}}]}},"_links":{"self":[{"href":"https:\/\/magalufclubpass.com\/de\/wp-json\/wp\/v2\/pages\/1424","targetHints":{"allow":["GET"]}}],"collection":[{"href":"https:\/\/magalufclubpass.com\/de\/wp-json\/wp\/v2\/pages"}],"about":[{"href":"https:\/\/magalufclubpass.com\/de\/wp-json\/wp\/v2\/types\/page"}],"author":[{"embeddable":true,"href":"https:\/\/magalufclubpass.com\/de\/wp-json\/wp\/v2\/users\/1"}],"replies":[{"embeddable":true,"href":"https:\/\/magalufclubpass.com\/de\/wp-json\/wp\/v2\/comments?post=1424"}],"version-history":[{"count":21,"href":"https:\/\/magalufclubpass.com\/de\/wp-json\/wp\/v2\/pages\/1424\/revisions"}],"predecessor-version":[{"id":20550,"href":"https:\/\/magalufclubpass.com\/de\/wp-json\/wp\/v2\/pages\/1424\/revisions\/20550"}],"wp:featuredmedia":[{"embeddable":true,"href":"https:\/\/magalufclubpass.com\/de\/wp-json\/wp\/v2\/media\/1233"}],"wp:attachment":[{"href":"https:\/\/magalufclubpass.com\/de\/wp-json\/wp\/v2\/media?parent=1424"}],"curies":[{"name":"wp","href":"https:\/\/api.w.org\/{rel}","templated":true}]}}