{"id":1012,"date":"2023-03-25T17:55:38","date_gmt":"2023-03-25T16:55:38","guid":{"rendered":"https:\/\/magalufclubpass.com\/confirmar\/"},"modified":"2025-07-10T19:27:53","modified_gmt":"2025-07-10T17:27:53","slug":"completa","status":"publish","type":"page","link":"https:\/\/magalufclubpass.com\/es\/completa\/","title":{"rendered":"Completa"},"content":{"rendered":"\t\t<div data-elementor-type=\"wp-page\" data-elementor-id=\"1012\" class=\"elementor elementor-1012 elementor-511\" data-elementor-post-type=\"page\">\n\t\t\t\t<div class=\"elementor-element elementor-element-e6ef533 e-flex e-con-boxed e-con e-parent\" data-id=\"e6ef533\" data-element_type=\"container\" data-settings=\"{&quot;background_background&quot;:&quot;classic&quot;}\">\n\t\t\t\t\t<div class=\"e-con-inner\">\n\t\t<div class=\"elementor-element elementor-element-57fef66 e-con-full e-flex e-con e-child\" data-id=\"57fef66\" data-element_type=\"container\">\n\t\t\t\t<div class=\"elementor-element elementor-element-c191e8e elementor-widget elementor-widget-heading\" data-id=\"c191e8e\" data-element_type=\"widget\" data-widget_type=\"heading.default\">\n\t\t\t\t<div class=\"elementor-widget-container\">\n\t\t\t\t\t<h1 class=\"elementor-heading-title elementor-size-default\">Completa<\/h1>\t\t\t\t<\/div>\n\t\t\t\t<\/div>\n\t\t\t\t<div class=\"elementor-element elementor-element-5169e78 elementor-widget elementor-widget-shortcode\" data-id=\"5169e78\" data-element_type=\"widget\" data-widget_type=\"shortcode.default\">\n\t\t\t\t<div class=\"elementor-widget-container\">\n\t\t\t\t\t\t\t<div class=\"elementor-shortcode\"><div class=\"woocommerce\"><\/div><\/div>\n\t\t\t\t\t\t<\/div>\n\t\t\t\t<\/div>\n\t\t\t\t<div class=\"elementor-element elementor-element-5737bfc elementor-alert-warning elementor-widget elementor-widget-alert\" data-id=\"5737bfc\" data-element_type=\"widget\" data-widget_type=\"alert.default\">\n\t\t\t\t<div class=\"elementor-widget-container\">\n\t\t\t\t\t\t\t<div class=\"elementor-alert\" role=\"alert\">\n\n\t\t\t\t\t\t<span class=\"elementor-alert-title\">C\u00f3mo conseguir tus entradas<\/span>\n\t\t\t\n\t\t\t\t\t\t<span class=\"elementor-alert-description\">Una vez que hayas reservado tus entradas en l\u00ednea, recibir\u00e1s un correo electr\u00f3nico de confirmaci\u00f3n. En ese correo electr\u00f3nico hay un enlace para descargar tu c\u00f3digo QR. Aseg\u00farate de descargar tu c\u00f3digo QR antes de llegar al club.  <\/span>\n\t\t\t\n\t\t\t\n\t\t<\/div>\n\t\t\t\t\t\t<\/div>\n\t\t\t\t<\/div>\n\t\t\t\t<\/div>\n\t\t\t\t\t<\/div>\n\t\t\t\t<\/div>\n\t\t\t\t<\/div>\n\t\t","protected":false},"excerpt":{"rendered":"<p>Completa C\u00f3mo conseguir tus entradas Una vez que hayas reservado tus entradas en l\u00ednea, recibir\u00e1s un correo electr\u00f3nico de confirmaci\u00f3n. En ese correo electr\u00f3nico hay un enlace para descargar tu c\u00f3digo QR. Aseg\u00farate de descargar tu c\u00f3digo QR antes de llegar al club.<\/p>\n","protected":false},"author":1,"featured_media":1013,"parent":0,"menu_order":0,"comment_status":"closed","ping_status":"closed","template":"","meta":{"footnotes":""},"class_list":["post-1012","page","type-page","status-publish","has-post-thumbnail","hentry"],"blocksy_meta":{"styles_descriptor":{"styles":{"desktop":"","tablet":"","mobile":""},"google_fonts":[],"version":6}},"yoast_head":"<!-- This site is optimized with the Yoast SEO Premium plugin v20.4 (Yoast SEO v26.6) - https:\/\/yoast.com\/wordpress\/plugins\/seo\/ -->\n<title>Completa | Magaluf Club Pass | MCP<\/title>\n<meta name=\"description\" content=\"Completa tu Magaluf Club Pass compra de billetes. Reserva en l\u00ednea y ahorra dinero. Todas las entradas se env\u00edan directamente a tu correo electr\u00f3nico.\" \/>\n<meta name=\"robots\" content=\"index, follow, max-snippet:-1, max-image-preview:large, max-video-preview:-1\" \/>\n<link rel=\"canonical\" href=\"https:\/\/magalufclubpass.com\/es\/completa\/\" \/>\n<meta property=\"og:locale\" content=\"es_ES\" \/>\n<meta property=\"og:type\" content=\"article\" \/>\n<meta property=\"og:title\" content=\"Completa\" \/>\n<meta property=\"og:description\" content=\"Completa tu Magaluf Club Pass compra de billetes. Reserva en l\u00ednea y ahorra dinero. Todas las entradas se env\u00edan directamente a tu correo electr\u00f3nico.\" \/>\n<meta property=\"og:url\" content=\"https:\/\/magalufclubpass.com\/es\/completa\/\" \/>\n<meta property=\"og:site_name\" content=\"MCP\" \/>\n<meta property=\"article:modified_time\" content=\"2025-07-10T17:27:53+00:00\" \/>\n<meta property=\"og:image\" content=\"https:\/\/magalufclubpass.com\/wp-content\/uploads\/2023\/01\/Screenshot-2023-01-19-at-10.58.49.jpg\" \/>\n\t<meta property=\"og:image:width\" content=\"1920\" \/>\n\t<meta property=\"og:image:height\" content=\"1080\" \/>\n\t<meta property=\"og:image:type\" content=\"image\/jpeg\" \/>\n<meta name=\"twitter:card\" content=\"summary_large_image\" \/>\n<script type=\"application\/ld+json\" class=\"yoast-schema-graph\">{\"@context\":\"https:\/\/schema.org\",\"@graph\":[{\"@type\":\"WebPage\",\"@id\":\"https:\/\/magalufclubpass.com\/es\/completa\/\",\"url\":\"https:\/\/magalufclubpass.com\/es\/completa\/\",\"name\":\"Completa | Magaluf Club Pass | MCP\",\"isPartOf\":{\"@id\":\"https:\/\/magalufclubpass.com\/es\/#website\"},\"primaryImageOfPage\":{\"@id\":\"https:\/\/magalufclubpass.com\/es\/completa\/#primaryimage\"},\"image\":{\"@id\":\"https:\/\/magalufclubpass.com\/es\/completa\/#primaryimage\"},\"thumbnailUrl\":\"https:\/\/magalufclubpass.com\/wp-content\/uploads\/2023\/01\/Screenshot-2023-01-19-at-10.58.49.jpg\",\"datePublished\":\"2023-03-25T16:55:38+00:00\",\"dateModified\":\"2025-07-10T17:27:53+00:00\",\"description\":\"Completa tu Magaluf Club Pass compra de billetes. Reserva en l\u00ednea y ahorra dinero. Todas las entradas se env\u00edan directamente a tu correo electr\u00f3nico.\",\"breadcrumb\":{\"@id\":\"https:\/\/magalufclubpass.com\/es\/completa\/#breadcrumb\"},\"inLanguage\":\"es\",\"potentialAction\":[{\"@type\":\"ReadAction\",\"target\":[\"https:\/\/magalufclubpass.com\/es\/completa\/\"]}]},{\"@type\":\"ImageObject\",\"inLanguage\":\"es\",\"@id\":\"https:\/\/magalufclubpass.com\/es\/completa\/#primaryimage\",\"url\":\"https:\/\/magalufclubpass.com\/wp-content\/uploads\/2023\/01\/Screenshot-2023-01-19-at-10.58.49.jpg\",\"contentUrl\":\"https:\/\/magalufclubpass.com\/wp-content\/uploads\/2023\/01\/Screenshot-2023-01-19-at-10.58.49.jpg\",\"width\":1920,\"height\":1080,\"caption\":\"Tokio Joes Magaluf MCP\"},{\"@type\":\"BreadcrumbList\",\"@id\":\"https:\/\/magalufclubpass.com\/es\/completa\/#breadcrumb\",\"itemListElement\":[{\"@type\":\"ListItem\",\"position\":1,\"name\":\"Home\",\"item\":\"https:\/\/magalufclubpass.com\/es\/mcp\/\"},{\"@type\":\"ListItem\",\"position\":2,\"name\":\"Completa\"}]},{\"@type\":\"WebSite\",\"@id\":\"https:\/\/magalufclubpass.com\/es\/#website\",\"url\":\"https:\/\/magalufclubpass.com\/es\/\",\"name\":\"Magaluf Club Pass | MCP\",\"description\":\"Magaluf Club Pass\",\"publisher\":{\"@id\":\"https:\/\/magalufclubpass.com\/es\/#organization\"},\"alternateName\":\"MCP\",\"potentialAction\":[{\"@type\":\"SearchAction\",\"target\":{\"@type\":\"EntryPoint\",\"urlTemplate\":\"https:\/\/magalufclubpass.com\/es\/?s={search_term_string}\"},\"query-input\":{\"@type\":\"PropertyValueSpecification\",\"valueRequired\":true,\"valueName\":\"search_term_string\"}}],\"inLanguage\":\"es\"},{\"@type\":\"Organization\",\"@id\":\"https:\/\/magalufclubpass.com\/es\/#organization\",\"name\":\"Magaluf Club Pass | MCP\",\"url\":\"https:\/\/magalufclubpass.com\/es\/\",\"logo\":{\"@type\":\"ImageObject\",\"inLanguage\":\"es\",\"@id\":\"https:\/\/magalufclubpass.com\/es\/#\/schema\/logo\/image\/\",\"url\":\"https:\/\/magalufclubpass.com\/wp-content\/uploads\/2022\/12\/cropped-mcp2-e1679768097857.png\",\"contentUrl\":\"https:\/\/magalufclubpass.com\/wp-content\/uploads\/2022\/12\/cropped-mcp2-e1679768097857.png\",\"width\":512,\"height\":267,\"caption\":\"Magaluf Club Pass | MCP\"},\"image\":{\"@id\":\"https:\/\/magalufclubpass.com\/es\/#\/schema\/logo\/image\/\"}}]}<\/script>\n<!-- \/ Yoast SEO Premium plugin. -->","yoast_head_json":{"title":"Completa | Magaluf Club Pass | MCP","description":"Completa tu Magaluf Club Pass compra de billetes. Reserva en l\u00ednea y ahorra dinero. Todas las entradas se env\u00edan directamente a tu correo electr\u00f3nico.","robots":{"index":"index","follow":"follow","max-snippet":"max-snippet:-1","max-image-preview":"max-image-preview:large","max-video-preview":"max-video-preview:-1"},"canonical":"https:\/\/magalufclubpass.com\/es\/completa\/","og_locale":"es_ES","og_type":"article","og_title":"Completa","og_description":"Completa tu Magaluf Club Pass compra de billetes. Reserva en l\u00ednea y ahorra dinero. Todas las entradas se env\u00edan directamente a tu correo electr\u00f3nico.","og_url":"https:\/\/magalufclubpass.com\/es\/completa\/","og_site_name":"MCP","article_modified_time":"2025-07-10T17:27:53+00:00","og_image":[{"width":1920,"height":1080,"url":"https:\/\/magalufclubpass.com\/wp-content\/uploads\/2023\/01\/Screenshot-2023-01-19-at-10.58.49.jpg","type":"image\/jpeg"}],"twitter_card":"summary_large_image","schema":{"@context":"https:\/\/schema.org","@graph":[{"@type":"WebPage","@id":"https:\/\/magalufclubpass.com\/es\/completa\/","url":"https:\/\/magalufclubpass.com\/es\/completa\/","name":"Completa | Magaluf Club Pass | MCP","isPartOf":{"@id":"https:\/\/magalufclubpass.com\/es\/#website"},"primaryImageOfPage":{"@id":"https:\/\/magalufclubpass.com\/es\/completa\/#primaryimage"},"image":{"@id":"https:\/\/magalufclubpass.com\/es\/completa\/#primaryimage"},"thumbnailUrl":"https:\/\/magalufclubpass.com\/wp-content\/uploads\/2023\/01\/Screenshot-2023-01-19-at-10.58.49.jpg","datePublished":"2023-03-25T16:55:38+00:00","dateModified":"2025-07-10T17:27:53+00:00","description":"Completa tu Magaluf Club Pass compra de billetes. Reserva en l\u00ednea y ahorra dinero. Todas las entradas se env\u00edan directamente a tu correo electr\u00f3nico.","breadcrumb":{"@id":"https:\/\/magalufclubpass.com\/es\/completa\/#breadcrumb"},"inLanguage":"es","potentialAction":[{"@type":"ReadAction","target":["https:\/\/magalufclubpass.com\/es\/completa\/"]}]},{"@type":"ImageObject","inLanguage":"es","@id":"https:\/\/magalufclubpass.com\/es\/completa\/#primaryimage","url":"https:\/\/magalufclubpass.com\/wp-content\/uploads\/2023\/01\/Screenshot-2023-01-19-at-10.58.49.jpg","contentUrl":"https:\/\/magalufclubpass.com\/wp-content\/uploads\/2023\/01\/Screenshot-2023-01-19-at-10.58.49.jpg","width":1920,"height":1080,"caption":"Tokio Joes Magaluf MCP"},{"@type":"BreadcrumbList","@id":"https:\/\/magalufclubpass.com\/es\/completa\/#breadcrumb","itemListElement":[{"@type":"ListItem","position":1,"name":"Home","item":"https:\/\/magalufclubpass.com\/es\/mcp\/"},{"@type":"ListItem","position":2,"name":"Completa"}]},{"@type":"WebSite","@id":"https:\/\/magalufclubpass.com\/es\/#website","url":"https:\/\/magalufclubpass.com\/es\/","name":"Magaluf Club Pass | MCP","description":"Magaluf Club Pass","publisher":{"@id":"https:\/\/magalufclubpass.com\/es\/#organization"},"alternateName":"MCP","potentialAction":[{"@type":"SearchAction","target":{"@type":"EntryPoint","urlTemplate":"https:\/\/magalufclubpass.com\/es\/?s={search_term_string}"},"query-input":{"@type":"PropertyValueSpecification","valueRequired":true,"valueName":"search_term_string"}}],"inLanguage":"es"},{"@type":"Organization","@id":"https:\/\/magalufclubpass.com\/es\/#organization","name":"Magaluf Club Pass | MCP","url":"https:\/\/magalufclubpass.com\/es\/","logo":{"@type":"ImageObject","inLanguage":"es","@id":"https:\/\/magalufclubpass.com\/es\/#\/schema\/logo\/image\/","url":"https:\/\/magalufclubpass.com\/wp-content\/uploads\/2022\/12\/cropped-mcp2-e1679768097857.png","contentUrl":"https:\/\/magalufclubpass.com\/wp-content\/uploads\/2022\/12\/cropped-mcp2-e1679768097857.png","width":512,"height":267,"caption":"Magaluf Club Pass | MCP"},"image":{"@id":"https:\/\/magalufclubpass.com\/es\/#\/schema\/logo\/image\/"}}]}},"_links":{"self":[{"href":"https:\/\/magalufclubpass.com\/es\/wp-json\/wp\/v2\/pages\/1012","targetHints":{"allow":["GET"]}}],"collection":[{"href":"https:\/\/magalufclubpass.com\/es\/wp-json\/wp\/v2\/pages"}],"about":[{"href":"https:\/\/magalufclubpass.com\/es\/wp-json\/wp\/v2\/types\/page"}],"author":[{"embeddable":true,"href":"https:\/\/magalufclubpass.com\/es\/wp-json\/wp\/v2\/users\/1"}],"replies":[{"embeddable":true,"href":"https:\/\/magalufclubpass.com\/es\/wp-json\/wp\/v2\/comments?post=1012"}],"version-history":[{"count":2,"href":"https:\/\/magalufclubpass.com\/es\/wp-json\/wp\/v2\/pages\/1012\/revisions"}],"predecessor-version":[{"id":18423,"href":"https:\/\/magalufclubpass.com\/es\/wp-json\/wp\/v2\/pages\/1012\/revisions\/18423"}],"wp:featuredmedia":[{"embeddable":true,"href":"https:\/\/magalufclubpass.com\/es\/wp-json\/wp\/v2\/media\/1013"}],"wp:attachment":[{"href":"https:\/\/magalufclubpass.com\/es\/wp-json\/wp\/v2\/media?parent=1012"}],"curies":[{"name":"wp","href":"https:\/\/api.w.org\/{rel}","templated":true}]}}