{"id":1427,"date":"2023-01-07T14:15:40","date_gmt":"2023-01-07T13:15:40","guid":{"rendered":"https:\/\/magalufclubpass.com\/calendario-de-actos\/"},"modified":"2025-06-09T13:08:07","modified_gmt":"2025-06-09T11:08:07","slug":"calendario-de-eventos","status":"publish","type":"page","link":"https:\/\/magalufclubpass.com\/es\/calendario-de-eventos\/","title":{"rendered":"Calendario de Eventos"},"content":{"rendered":"\t\t<div data-elementor-type=\"wp-page\" data-elementor-id=\"1427\" class=\"elementor elementor-1427 elementor-174\" data-elementor-post-type=\"page\">\n\t\t\t\t<div class=\"elementor-element elementor-element-6a32243e e-flex e-con-boxed e-con e-parent\" data-id=\"6a32243e\" data-element_type=\"container\" data-e-type=\"container\" data-settings=\"{&quot;background_background&quot;:&quot;classic&quot;}\">\n\t\t\t\t\t<div class=\"e-con-inner\">\n\t\t\t\t<div class=\"elementor-element elementor-element-53d7342 elementor-widget elementor-widget-heading\" data-id=\"53d7342\" data-element_type=\"widget\" data-e-type=\"widget\" data-widget_type=\"heading.default\">\n\t\t\t\t<div class=\"elementor-widget-container\">\n\t\t\t\t\t<h1 class=\"elementor-heading-title elementor-size-default\">Calendario de actos de 2024<\/h1>\t\t\t\t<\/div>\n\t\t\t\t<\/div>\n\t\t\t\t<div class=\"elementor-element elementor-element-5e87897 elementor-widget elementor-widget-shortcode\" data-id=\"5e87897\" data-element_type=\"widget\" data-e-type=\"widget\" data-widget_type=\"shortcode.default\">\n\t\t\t\t<div class=\"elementor-widget-container\">\n\t\t\t\t\t\t\t<div class=\"elementor-shortcode\">[add_eventon tiles=\"yes\" tile_bg=\"1\" tile_count=\"4\" tile_style=\"1\" event_past_future=\"future\" tile_height=\"\u201d350\u2033\" jumper=\"yes\" bottom_nav=\"no\" exp_jumper=\"yes\" jumper_offset=\"2\" jumper_count=\"1\"]<\/div>\n\t\t\t\t\t\t<\/div>\n\t\t\t\t<\/div>\n\t\t\t\t\t<\/div>\n\t\t\t\t<\/div>\n\t\t<div class=\"elementor-element elementor-element-76da08e e-flex e-con-boxed e-con e-parent\" data-id=\"76da08e\" data-element_type=\"container\" data-e-type=\"container\" data-settings=\"{&quot;background_background&quot;:&quot;classic&quot;}\">\n\t\t\t\t\t<div class=\"e-con-inner\">\n\t\t<div class=\"elementor-element elementor-element-252d604 e-con-full e-flex e-con e-child\" data-id=\"252d604\" data-element_type=\"container\" data-e-type=\"container\">\n\t\t\t\t<div class=\"elementor-element elementor-element-dc4d611 elementor-widget elementor-widget-heading\" data-id=\"dc4d611\" data-element_type=\"widget\" data-e-type=\"widget\" data-widget_type=\"heading.default\">\n\t\t\t\t<div class=\"elementor-widget-container\">\n\t\t\t\t\t<h2 class=\"elementor-heading-title elementor-size-default\">Pida ahora su pulsera inteligente MCP en l\u00ednea<\/h2>\t\t\t\t<\/div>\n\t\t\t\t<\/div>\n\t\t\t\t<div class=\"elementor-element elementor-element-52f39f5 elementor-widget elementor-widget-text-editor\" data-id=\"52f39f5\" data-element_type=\"widget\" data-e-type=\"widget\" data-widget_type=\"text-editor.default\">\n\t\t\t\t<div class=\"elementor-widget-container\">\n\t\t\t\t\t\t\t\t\t<p>\u00a1Su pulsera inteligente MCP no s\u00f3lo le da acceso a las cinco discotecas, sino que tambi\u00e9n est\u00e1 cargada con cr\u00e9dito de bar que puede utilizar para bebidas en todas las discotecas en la misma noche!<\/p>\n<p>Compre ahora en l\u00ednea, ahorre dinero y recoja su pulsera en la entrada de cualquiera de nuestras discotecas cuando llegue.<\/p>\n\t\t\t\t\t\t\t\t<\/div>\n\t\t\t\t<\/div>\n\t\t<div class=\"elementor-element elementor-element-eaf348c e-flex e-con-boxed e-con e-child\" data-id=\"eaf348c\" data-element_type=\"container\" data-e-type=\"container\">\n\t\t\t\t\t<div class=\"e-con-inner\">\n\t\t\t\t<div class=\"elementor-element elementor-element-9449e76 elementor-align-center elementor-mobile-align-left elementor-widget elementor-widget-button\" data-id=\"9449e76\" data-element_type=\"widget\" data-e-type=\"widget\" data-widget_type=\"button.default\">\n\t\t\t\t<div class=\"elementor-widget-container\">\n\t\t\t\t\t\t\t\t\t<div class=\"elementor-button-wrapper\">\n\t\t\t\t\t<a class=\"elementor-button elementor-button-link elementor-size-lg\" href=\"https:\/\/magalufclubpass.com\/es\/tickets\/#buynow\">\n\t\t\t\t\t\t<span class=\"elementor-button-content-wrapper\">\n\t\t\t\t\t\t\t\t\t<span class=\"elementor-button-text\">Comprar ahora<\/span>\n\t\t\t\t\t<\/span>\n\t\t\t\t\t<\/a>\n\t\t\t\t<\/div>\n\t\t\t\t\t\t\t\t<\/div>\n\t\t\t\t<\/div>\n\t\t\t\t<div class=\"elementor-element elementor-element-9acb868 elementor-align-center elementor-widget elementor-widget-button\" data-id=\"9acb868\" data-element_type=\"widget\" data-e-type=\"widget\" data-widget_type=\"button.default\">\n\t\t\t\t<div class=\"elementor-widget-container\">\n\t\t\t\t\t\t\t\t\t<div class=\"elementor-button-wrapper\">\n\t\t\t\t\t<a class=\"elementor-button elementor-button-link elementor-size-lg\" href=\"https:\/\/magalufclubpass.com\/es\/tickets\/\">\n\t\t\t\t\t\t<span class=\"elementor-button-content-wrapper\">\n\t\t\t\t\t\t\t\t\t<span class=\"elementor-button-text\">M\u00e1s informaci\u00f3n<\/span>\n\t\t\t\t\t<\/span>\n\t\t\t\t\t<\/a>\n\t\t\t\t<\/div>\n\t\t\t\t\t\t\t\t<\/div>\n\t\t\t\t<\/div>\n\t\t\t\t\t<\/div>\n\t\t\t\t<\/div>\n\t\t\t\t<\/div>\n\t\t<div class=\"elementor-element elementor-element-a250c75 e-con-full e-flex e-con e-child\" data-id=\"a250c75\" data-element_type=\"container\" data-e-type=\"container\">\n\t\t\t\t<div class=\"elementor-element elementor-element-5f6b28c elementor-widget elementor-widget-image\" data-id=\"5f6b28c\" data-element_type=\"widget\" data-e-type=\"widget\" data-widget_type=\"image.default\">\n\t\t\t\t<div class=\"elementor-widget-container\">\n\t\t\t\t\t\t\t\t\t\t\t\t\t\t\t<img fetchpriority=\"high\" decoding=\"async\" width=\"777\" height=\"367\" src=\"https:\/\/magalufclubpass.com\/wp-content\/uploads\/2023\/01\/MCP-Band-e1674126768707.png\" class=\"attachment-full size-full wp-image-1283\" alt=\"MCP band\" srcset=\"https:\/\/magalufclubpass.com\/wp-content\/uploads\/2023\/01\/MCP-Band-e1674126768707.png 777w, https:\/\/magalufclubpass.com\/wp-content\/uploads\/2023\/01\/MCP-Band-e1674126768707-600x283.png 600w, https:\/\/magalufclubpass.com\/wp-content\/uploads\/2023\/01\/MCP-Band-e1674126768707-300x142.png 300w, https:\/\/magalufclubpass.com\/wp-content\/uploads\/2023\/01\/MCP-Band-e1674126768707-768x363.png 768w\" sizes=\"(max-width: 777px) 100vw, 777px\" \/>\t\t\t\t\t\t\t\t\t\t\t\t\t\t\t<\/div>\n\t\t\t\t<\/div>\n\t\t\t\t<\/div>\n\t\t\t\t\t<\/div>\n\t\t\t\t<\/div>\n\t\t\t\t<\/div>\n\t\t","protected":false},"excerpt":{"rendered":"<p>Calendario de actos de 2024 [add_eventon tiles=\u00bbyes\u00bb tile_bg=\u00bb1&#8243; tile_count=\u00bb4&#8243; tile_style=\u00bb1&#8243; event_past_future=\u00bbfuture\u00bb tile_height=\u00bb\u201d350\u2033\u00bb jumper=\u00bbyes\u00bb bottom_nav=\u00bbno\u00bb exp_jumper=\u00bbyes\u00bb jumper_offset=\u00bb2&#8243; jumper_count=\u00bb1&#8243;] Pida ahora su pulsera inteligente MCP en l\u00ednea \u00a1Su pulsera inteligente MCP no s\u00f3lo le da acceso a las cinco discotecas, sino que tambi\u00e9n est\u00e1 cargada con cr\u00e9dito de bar que puede utilizar para bebidas en todas las [&hellip;]<\/p>\n","protected":false},"author":1,"featured_media":1235,"parent":0,"menu_order":0,"comment_status":"closed","ping_status":"closed","template":"","meta":{"footnotes":""},"class_list":["post-1427","page","type-page","status-publish","has-post-thumbnail","hentry"],"blocksy_meta":{"styles_descriptor":{"styles":{"desktop":"","tablet":"","mobile":""},"google_fonts":[],"version":6}},"yoast_head":"<!-- This site is optimized with the Yoast SEO plugin v27.3 - https:\/\/yoast.com\/product\/yoast-seo-wordpress\/ -->\n<title>Calendario de Eventos | Magaluf Club Pass | MCP<\/title>\n<meta name=\"description\" content=\"Calendario de eventos de la discoteca 2024 de Magaluf. Consulte los eventos que se celebran durante su visita a Magaluf y reserve sus entradas en l\u00ednea.\" \/>\n<meta name=\"robots\" content=\"index, follow, max-snippet:-1, max-image-preview:large, max-video-preview:-1\" \/>\n<link rel=\"canonical\" href=\"https:\/\/magalufclubpass.com\/es\/calendario-de-eventos\/\" \/>\n<meta property=\"og:locale\" content=\"es_ES\" \/>\n<meta property=\"og:type\" content=\"article\" \/>\n<meta property=\"og:title\" content=\"Calendario de Eventos | Magaluf Club Pass | MCP\" \/>\n<meta property=\"og:description\" content=\"Calendario de eventos de la discoteca 2024 de Magaluf. Consulte los eventos que se celebran durante su visita a Magaluf y reserve sus entradas en l\u00ednea.\" \/>\n<meta property=\"og:url\" content=\"https:\/\/magalufclubpass.com\/es\/calendario-de-eventos\/\" \/>\n<meta property=\"og:site_name\" content=\"MCP\" \/>\n<meta property=\"article:modified_time\" content=\"2025-06-09T11:08:07+00:00\" \/>\n<meta property=\"og:image\" content=\"https:\/\/magalufclubpass.com\/wp-content\/uploads\/2023\/01\/1-4-scaled-e1674123112876.jpg\" \/>\n\t<meta property=\"og:image:width\" content=\"1707\" \/>\n\t<meta property=\"og:image:height\" content=\"2067\" \/>\n\t<meta property=\"og:image:type\" content=\"image\/jpeg\" \/>\n<meta name=\"twitter:card\" content=\"summary_large_image\" \/>\n<meta name=\"twitter:label1\" content=\"Tiempo de lectura\" \/>\n\t<meta name=\"twitter:data1\" content=\"1 minuto\" \/>\n<script type=\"application\/ld+json\" class=\"yoast-schema-graph\">{\"@context\":\"https:\\\/\\\/schema.org\",\"@graph\":[{\"@type\":\"WebPage\",\"@id\":\"https:\\\/\\\/magalufclubpass.com\\\/es\\\/calendario-de-eventos\\\/\",\"url\":\"https:\\\/\\\/magalufclubpass.com\\\/es\\\/calendario-de-eventos\\\/\",\"name\":\"Calendario de Eventos | Magaluf Club Pass | MCP\",\"isPartOf\":{\"@id\":\"https:\\\/\\\/magalufclubpass.com\\\/es\\\/#website\"},\"primaryImageOfPage\":{\"@id\":\"https:\\\/\\\/magalufclubpass.com\\\/es\\\/calendario-de-eventos\\\/#primaryimage\"},\"image\":{\"@id\":\"https:\\\/\\\/magalufclubpass.com\\\/es\\\/calendario-de-eventos\\\/#primaryimage\"},\"thumbnailUrl\":\"https:\\\/\\\/magalufclubpass.com\\\/wp-content\\\/uploads\\\/2023\\\/01\\\/1-4-scaled-e1674123112876.jpg\",\"datePublished\":\"2023-01-07T13:15:40+00:00\",\"dateModified\":\"2025-06-09T11:08:07+00:00\",\"description\":\"Calendario de eventos de la discoteca 2024 de Magaluf. Consulte los eventos que se celebran durante su visita a Magaluf y reserve sus entradas en l\u00ednea.\",\"breadcrumb\":{\"@id\":\"https:\\\/\\\/magalufclubpass.com\\\/es\\\/calendario-de-eventos\\\/#breadcrumb\"},\"inLanguage\":\"es\",\"potentialAction\":[{\"@type\":\"ReadAction\",\"target\":[\"https:\\\/\\\/magalufclubpass.com\\\/es\\\/calendario-de-eventos\\\/\"]}]},{\"@type\":\"ImageObject\",\"inLanguage\":\"es\",\"@id\":\"https:\\\/\\\/magalufclubpass.com\\\/es\\\/calendario-de-eventos\\\/#primaryimage\",\"url\":\"https:\\\/\\\/magalufclubpass.com\\\/wp-content\\\/uploads\\\/2023\\\/01\\\/1-4-scaled-e1674123112876.jpg\",\"contentUrl\":\"https:\\\/\\\/magalufclubpass.com\\\/wp-content\\\/uploads\\\/2023\\\/01\\\/1-4-scaled-e1674123112876.jpg\",\"width\":1707,\"height\":2067,\"caption\":\"Tokio Joes Live acts\"},{\"@type\":\"BreadcrumbList\",\"@id\":\"https:\\\/\\\/magalufclubpass.com\\\/es\\\/calendario-de-eventos\\\/#breadcrumb\",\"itemListElement\":[{\"@type\":\"ListItem\",\"position\":1,\"name\":\"Home\",\"item\":\"https:\\\/\\\/magalufclubpass.com\\\/es\\\/mcp\\\/\"},{\"@type\":\"ListItem\",\"position\":2,\"name\":\"Calendario de Eventos\"}]},{\"@type\":\"WebSite\",\"@id\":\"https:\\\/\\\/magalufclubpass.com\\\/es\\\/#website\",\"url\":\"https:\\\/\\\/magalufclubpass.com\\\/es\\\/\",\"name\":\"Magaluf Club Pass | MCP\",\"description\":\"Magaluf Club Pass\",\"publisher\":{\"@id\":\"https:\\\/\\\/magalufclubpass.com\\\/es\\\/#organization\"},\"alternateName\":\"MCP\",\"potentialAction\":[{\"@type\":\"SearchAction\",\"target\":{\"@type\":\"EntryPoint\",\"urlTemplate\":\"https:\\\/\\\/magalufclubpass.com\\\/es\\\/?s={search_term_string}\"},\"query-input\":{\"@type\":\"PropertyValueSpecification\",\"valueRequired\":true,\"valueName\":\"search_term_string\"}}],\"inLanguage\":\"es\"},{\"@type\":\"Organization\",\"@id\":\"https:\\\/\\\/magalufclubpass.com\\\/es\\\/#organization\",\"name\":\"Magaluf Club Pass | MCP\",\"url\":\"https:\\\/\\\/magalufclubpass.com\\\/es\\\/\",\"logo\":{\"@type\":\"ImageObject\",\"inLanguage\":\"es\",\"@id\":\"https:\\\/\\\/magalufclubpass.com\\\/es\\\/#\\\/schema\\\/logo\\\/image\\\/\",\"url\":\"https:\\\/\\\/magalufclubpass.com\\\/wp-content\\\/uploads\\\/2022\\\/12\\\/cropped-mcp2-e1679768097857.png\",\"contentUrl\":\"https:\\\/\\\/magalufclubpass.com\\\/wp-content\\\/uploads\\\/2022\\\/12\\\/cropped-mcp2-e1679768097857.png\",\"width\":512,\"height\":267,\"caption\":\"Magaluf Club Pass | MCP\"},\"image\":{\"@id\":\"https:\\\/\\\/magalufclubpass.com\\\/es\\\/#\\\/schema\\\/logo\\\/image\\\/\"}}]}<\/script>\n<!-- \/ Yoast SEO plugin. -->","yoast_head_json":{"title":"Calendario de Eventos | Magaluf Club Pass | MCP","description":"Calendario de eventos de la discoteca 2024 de Magaluf. Consulte los eventos que se celebran durante su visita a Magaluf y reserve sus entradas en l\u00ednea.","robots":{"index":"index","follow":"follow","max-snippet":"max-snippet:-1","max-image-preview":"max-image-preview:large","max-video-preview":"max-video-preview:-1"},"canonical":"https:\/\/magalufclubpass.com\/es\/calendario-de-eventos\/","og_locale":"es_ES","og_type":"article","og_title":"Calendario de Eventos | Magaluf Club Pass | MCP","og_description":"Calendario de eventos de la discoteca 2024 de Magaluf. Consulte los eventos que se celebran durante su visita a Magaluf y reserve sus entradas en l\u00ednea.","og_url":"https:\/\/magalufclubpass.com\/es\/calendario-de-eventos\/","og_site_name":"MCP","article_modified_time":"2025-06-09T11:08:07+00:00","og_image":[{"width":1707,"height":2067,"url":"https:\/\/magalufclubpass.com\/wp-content\/uploads\/2023\/01\/1-4-scaled-e1674123112876.jpg","type":"image\/jpeg"}],"twitter_card":"summary_large_image","twitter_misc":{"Tiempo de lectura":"1 minuto"},"schema":{"@context":"https:\/\/schema.org","@graph":[{"@type":"WebPage","@id":"https:\/\/magalufclubpass.com\/es\/calendario-de-eventos\/","url":"https:\/\/magalufclubpass.com\/es\/calendario-de-eventos\/","name":"Calendario de Eventos | Magaluf Club Pass | MCP","isPartOf":{"@id":"https:\/\/magalufclubpass.com\/es\/#website"},"primaryImageOfPage":{"@id":"https:\/\/magalufclubpass.com\/es\/calendario-de-eventos\/#primaryimage"},"image":{"@id":"https:\/\/magalufclubpass.com\/es\/calendario-de-eventos\/#primaryimage"},"thumbnailUrl":"https:\/\/magalufclubpass.com\/wp-content\/uploads\/2023\/01\/1-4-scaled-e1674123112876.jpg","datePublished":"2023-01-07T13:15:40+00:00","dateModified":"2025-06-09T11:08:07+00:00","description":"Calendario de eventos de la discoteca 2024 de Magaluf. Consulte los eventos que se celebran durante su visita a Magaluf y reserve sus entradas en l\u00ednea.","breadcrumb":{"@id":"https:\/\/magalufclubpass.com\/es\/calendario-de-eventos\/#breadcrumb"},"inLanguage":"es","potentialAction":[{"@type":"ReadAction","target":["https:\/\/magalufclubpass.com\/es\/calendario-de-eventos\/"]}]},{"@type":"ImageObject","inLanguage":"es","@id":"https:\/\/magalufclubpass.com\/es\/calendario-de-eventos\/#primaryimage","url":"https:\/\/magalufclubpass.com\/wp-content\/uploads\/2023\/01\/1-4-scaled-e1674123112876.jpg","contentUrl":"https:\/\/magalufclubpass.com\/wp-content\/uploads\/2023\/01\/1-4-scaled-e1674123112876.jpg","width":1707,"height":2067,"caption":"Tokio Joes Live acts"},{"@type":"BreadcrumbList","@id":"https:\/\/magalufclubpass.com\/es\/calendario-de-eventos\/#breadcrumb","itemListElement":[{"@type":"ListItem","position":1,"name":"Home","item":"https:\/\/magalufclubpass.com\/es\/mcp\/"},{"@type":"ListItem","position":2,"name":"Calendario de Eventos"}]},{"@type":"WebSite","@id":"https:\/\/magalufclubpass.com\/es\/#website","url":"https:\/\/magalufclubpass.com\/es\/","name":"Magaluf Club Pass | MCP","description":"Magaluf Club Pass","publisher":{"@id":"https:\/\/magalufclubpass.com\/es\/#organization"},"alternateName":"MCP","potentialAction":[{"@type":"SearchAction","target":{"@type":"EntryPoint","urlTemplate":"https:\/\/magalufclubpass.com\/es\/?s={search_term_string}"},"query-input":{"@type":"PropertyValueSpecification","valueRequired":true,"valueName":"search_term_string"}}],"inLanguage":"es"},{"@type":"Organization","@id":"https:\/\/magalufclubpass.com\/es\/#organization","name":"Magaluf Club Pass | MCP","url":"https:\/\/magalufclubpass.com\/es\/","logo":{"@type":"ImageObject","inLanguage":"es","@id":"https:\/\/magalufclubpass.com\/es\/#\/schema\/logo\/image\/","url":"https:\/\/magalufclubpass.com\/wp-content\/uploads\/2022\/12\/cropped-mcp2-e1679768097857.png","contentUrl":"https:\/\/magalufclubpass.com\/wp-content\/uploads\/2022\/12\/cropped-mcp2-e1679768097857.png","width":512,"height":267,"caption":"Magaluf Club Pass | MCP"},"image":{"@id":"https:\/\/magalufclubpass.com\/es\/#\/schema\/logo\/image\/"}}]}},"_links":{"self":[{"href":"https:\/\/magalufclubpass.com\/es\/wp-json\/wp\/v2\/pages\/1427","targetHints":{"allow":["GET"]}}],"collection":[{"href":"https:\/\/magalufclubpass.com\/es\/wp-json\/wp\/v2\/pages"}],"about":[{"href":"https:\/\/magalufclubpass.com\/es\/wp-json\/wp\/v2\/types\/page"}],"author":[{"embeddable":true,"href":"https:\/\/magalufclubpass.com\/es\/wp-json\/wp\/v2\/users\/1"}],"replies":[{"embeddable":true,"href":"https:\/\/magalufclubpass.com\/es\/wp-json\/wp\/v2\/comments?post=1427"}],"version-history":[{"count":14,"href":"https:\/\/magalufclubpass.com\/es\/wp-json\/wp\/v2\/pages\/1427\/revisions"}],"predecessor-version":[{"id":15788,"href":"https:\/\/magalufclubpass.com\/es\/wp-json\/wp\/v2\/pages\/1427\/revisions\/15788"}],"wp:featuredmedia":[{"embeddable":true,"href":"https:\/\/magalufclubpass.com\/es\/wp-json\/wp\/v2\/media\/1235"}],"wp:attachment":[{"href":"https:\/\/magalufclubpass.com\/es\/wp-json\/wp\/v2\/media?parent=1427"}],"curies":[{"name":"wp","href":"https:\/\/api.w.org\/{rel}","templated":true}]}}