{"id":1430,"date":"2023-01-07T14:15:40","date_gmt":"2023-01-07T13:15:40","guid":{"rendered":"https:\/\/magalufclubpass.com\/calendrier-des-evenements\/"},"modified":"2025-07-24T10:05:47","modified_gmt":"2025-07-24T08:05:47","slug":"calendrier-des-evenements","status":"publish","type":"page","link":"https:\/\/magalufclubpass.com\/fr\/calendrier-des-evenements\/","title":{"rendered":"Calendrier des \u00e9v\u00e9nements"},"content":{"rendered":"\t\t<div data-elementor-type=\"wp-page\" data-elementor-id=\"1430\" class=\"elementor elementor-1430 elementor-174\" data-elementor-post-type=\"page\">\n\t\t\t\t<div class=\"elementor-element elementor-element-6a32243e e-flex e-con-boxed e-con e-parent\" data-id=\"6a32243e\" data-element_type=\"container\" data-e-type=\"container\" data-settings=\"{&quot;background_background&quot;:&quot;classic&quot;}\">\n\t\t\t\t\t<div class=\"e-con-inner\">\n\t\t\t\t<div class=\"elementor-element elementor-element-53d7342 elementor-widget elementor-widget-heading\" data-id=\"53d7342\" data-element_type=\"widget\" data-e-type=\"widget\" data-widget_type=\"heading.default\">\n\t\t\t\t<div class=\"elementor-widget-container\">\n\t\t\t\t\t<h1 class=\"elementor-heading-title elementor-size-default\">Calendrier des \u00e9v\u00e9nements 2024<\/h1>\t\t\t\t<\/div>\n\t\t\t\t<\/div>\n\t\t\t\t<div class=\"elementor-element elementor-element-5e87897 elementor-widget elementor-widget-shortcode\" data-id=\"5e87897\" data-element_type=\"widget\" data-e-type=\"widget\" data-widget_type=\"shortcode.default\">\n\t\t\t\t<div class=\"elementor-widget-container\">\n\t\t\t\t\t\t\t<div class=\"elementor-shortcode\">[add_eventon tiles=\"yes\" tile_bg=\"1\" tile_count=\"4\" tile_style=\"1\" event_past_future=\"future\" tile_height=\"\u201d350\u2033\" jumper=\"yes\" bottom_nav=\"no\" exp_jumper=\"yes\" jumper_offset=\"2\" jumper_count=\"1\"]<\/div>\n\t\t\t\t\t\t<\/div>\n\t\t\t\t<\/div>\n\t\t\t\t\t<\/div>\n\t\t\t\t<\/div>\n\t\t<div class=\"elementor-element elementor-element-76da08e e-flex e-con-boxed e-con e-parent\" data-id=\"76da08e\" data-element_type=\"container\" data-e-type=\"container\" data-settings=\"{&quot;background_background&quot;:&quot;classic&quot;}\">\n\t\t\t\t\t<div class=\"e-con-inner\">\n\t\t<div class=\"elementor-element elementor-element-252d604 e-con-full e-flex e-con e-child\" data-id=\"252d604\" data-element_type=\"container\" data-e-type=\"container\">\n\t\t\t\t<div class=\"elementor-element elementor-element-dc4d611 elementor-widget elementor-widget-heading\" data-id=\"dc4d611\" data-element_type=\"widget\" data-e-type=\"widget\" data-widget_type=\"heading.default\">\n\t\t\t\t<div class=\"elementor-widget-container\">\n\t\t\t\t\t<h2 class=\"elementor-heading-title elementor-size-default\">Commandez votre bracelet intelligent MCP en ligne d\u00e8s maintenant<\/h2>\t\t\t\t<\/div>\n\t\t\t\t<\/div>\n\t\t\t\t<div class=\"elementor-element elementor-element-52f39f5 elementor-widget elementor-widget-text-editor\" data-id=\"52f39f5\" data-element_type=\"widget\" data-e-type=\"widget\" data-widget_type=\"text-editor.default\">\n\t\t\t\t<div class=\"elementor-widget-container\">\n\t\t\t\t\t\t\t\t\t<p>Votre bracelet intelligent MCP vous donne non seulement acc\u00e8s aux cinq bo\u00eetes de nuit, mais il est \u00e9galement dot\u00e9 d&rsquo;un cr\u00e9dit bar que vous pouvez utiliser pour des boissons dans toutes les bo\u00eetes de nuit le m\u00eame soir !<\/p><p>Achetez maintenant en ligne, \u00e9conomisez de l&rsquo;argent et r\u00e9cup\u00e9rez votre bracelet \u00e0 l&rsquo;entr\u00e9e de l&rsquo;une de nos discoth\u00e8ques \u00e0 votre arriv\u00e9e.<\/p>\t\t\t\t\t\t\t\t<\/div>\n\t\t\t\t<\/div>\n\t\t<div class=\"elementor-element elementor-element-eaf348c e-flex e-con-boxed e-con e-child\" data-id=\"eaf348c\" data-element_type=\"container\" data-e-type=\"container\">\n\t\t\t\t\t<div class=\"e-con-inner\">\n\t\t\t\t<div class=\"elementor-element elementor-element-9449e76 elementor-align-center elementor-mobile-align-left elementor-widget elementor-widget-button\" data-id=\"9449e76\" data-element_type=\"widget\" data-e-type=\"widget\" data-widget_type=\"button.default\">\n\t\t\t\t<div class=\"elementor-widget-container\">\n\t\t\t\t\t\t\t\t\t<div class=\"elementor-button-wrapper\">\n\t\t\t\t\t<a class=\"elementor-button elementor-button-link elementor-size-lg\" href=\"https:\/\/magalufclubpass.com\/fr\/tickets\/#buynow\">\n\t\t\t\t\t\t<span class=\"elementor-button-content-wrapper\">\n\t\t\t\t\t\t\t\t\t<span class=\"elementor-button-text\">Acheter<\/span>\n\t\t\t\t\t<\/span>\n\t\t\t\t\t<\/a>\n\t\t\t\t<\/div>\n\t\t\t\t\t\t\t\t<\/div>\n\t\t\t\t<\/div>\n\t\t\t\t<div class=\"elementor-element elementor-element-9acb868 elementor-align-center elementor-widget elementor-widget-button\" data-id=\"9acb868\" data-element_type=\"widget\" data-e-type=\"widget\" data-widget_type=\"button.default\">\n\t\t\t\t<div class=\"elementor-widget-container\">\n\t\t\t\t\t\t\t\t\t<div class=\"elementor-button-wrapper\">\n\t\t\t\t\t<a class=\"elementor-button elementor-button-link elementor-size-lg\" href=\"https:\/\/magalufclubpass.com\/fr\/tickets\/\">\n\t\t\t\t\t\t<span class=\"elementor-button-content-wrapper\">\n\t\t\t\t\t\t\t\t\t<span class=\"elementor-button-text\">Plus d'information<\/span>\n\t\t\t\t\t<\/span>\n\t\t\t\t\t<\/a>\n\t\t\t\t<\/div>\n\t\t\t\t\t\t\t\t<\/div>\n\t\t\t\t<\/div>\n\t\t\t\t\t<\/div>\n\t\t\t\t<\/div>\n\t\t\t\t<\/div>\n\t\t<div class=\"elementor-element elementor-element-a250c75 e-con-full e-flex e-con e-child\" data-id=\"a250c75\" data-element_type=\"container\" data-e-type=\"container\">\n\t\t\t\t<div class=\"elementor-element elementor-element-5f6b28c elementor-widget elementor-widget-image\" data-id=\"5f6b28c\" data-element_type=\"widget\" data-e-type=\"widget\" data-widget_type=\"image.default\">\n\t\t\t\t<div class=\"elementor-widget-container\">\n\t\t\t\t\t\t\t\t\t\t\t\t\t\t\t<img fetchpriority=\"high\" decoding=\"async\" width=\"777\" height=\"367\" src=\"https:\/\/magalufclubpass.com\/wp-content\/uploads\/2023\/01\/MCP-Band-e1674126768707.png\" class=\"attachment-full size-full wp-image-1280\" alt=\"MCP band\" srcset=\"https:\/\/magalufclubpass.com\/wp-content\/uploads\/2023\/01\/MCP-Band-e1674126768707.png 777w, https:\/\/magalufclubpass.com\/wp-content\/uploads\/2023\/01\/MCP-Band-e1674126768707-600x283.png 600w, https:\/\/magalufclubpass.com\/wp-content\/uploads\/2023\/01\/MCP-Band-e1674126768707-300x142.png 300w, https:\/\/magalufclubpass.com\/wp-content\/uploads\/2023\/01\/MCP-Band-e1674126768707-768x363.png 768w\" sizes=\"(max-width: 777px) 100vw, 777px\" \/>\t\t\t\t\t\t\t\t\t\t\t\t\t\t\t<\/div>\n\t\t\t\t<\/div>\n\t\t\t\t<\/div>\n\t\t\t\t\t<\/div>\n\t\t\t\t<\/div>\n\t\t\t\t<\/div>\n\t\t","protected":false},"excerpt":{"rendered":"<p>Calendrier des \u00e9v\u00e9nements 2024 [add_eventon tiles=\u00a0\u00bbyes\u00a0\u00bb tile_bg=\u00a0\u00bb1&Prime; tile_count=\u00a0\u00bb4&Prime; tile_style=\u00a0\u00bb1&Prime; event_past_future=\u00a0\u00bbfuture\u00a0\u00bb tile_height=\u00a0\u00bb\u201d350\u2033\u00a0\u00bb jumper=\u00a0\u00bbyes\u00a0\u00bb bottom_nav=\u00a0\u00bbno\u00a0\u00bb exp_jumper=\u00a0\u00bbyes\u00a0\u00bb jumper_offset=\u00a0\u00bb2&Prime; jumper_count=\u00a0\u00bb1&Prime;] Commandez votre bracelet intelligent MCP en ligne d\u00e8s maintenant Votre bracelet intelligent MCP vous donne non seulement acc\u00e8s aux cinq bo\u00eetes de nuit, mais il est \u00e9galement dot\u00e9 d&rsquo;un cr\u00e9dit bar que vous pouvez utiliser pour des boissons dans [&hellip;]<\/p>\n","protected":false},"author":1,"featured_media":1232,"parent":0,"menu_order":0,"comment_status":"closed","ping_status":"closed","template":"","meta":{"footnotes":""},"class_list":["post-1430","page","type-page","status-publish","has-post-thumbnail","hentry"],"blocksy_meta":{"styles_descriptor":{"styles":{"desktop":"","tablet":"","mobile":""},"google_fonts":[],"version":6}},"yoast_head":"<!-- This site is optimized with the Yoast SEO plugin v27.3 - https:\/\/yoast.com\/product\/yoast-seo-wordpress\/ -->\n<title>Calendrier des \u00e9v\u00e9nements | Magaluf Club Pass | MCP<\/title>\n<meta name=\"description\" content=\"Calendrier des \u00e9v\u00e9nements de la bo\u00eete de nuit de Magaluf 2024. \u00c9v\u00e9nements qui se d\u00e9roulent pendant votre s\u00e9jour \u00e0 Magaluf et r\u00e9servez vos billets en ligne.\" \/>\n<meta name=\"robots\" content=\"index, follow, max-snippet:-1, max-image-preview:large, max-video-preview:-1\" \/>\n<link rel=\"canonical\" href=\"https:\/\/magalufclubpass.com\/fr\/calendrier-des-evenements\/\" \/>\n<meta property=\"og:locale\" content=\"fr_FR\" \/>\n<meta property=\"og:type\" content=\"article\" \/>\n<meta property=\"og:title\" content=\"Calendrier des \u00e9v\u00e9nements | Magaluf Club Pass | MCP\" \/>\n<meta property=\"og:description\" content=\"Calendrier des \u00e9v\u00e9nements de la bo\u00eete de nuit de Magaluf 2024. \u00c9v\u00e9nements qui se d\u00e9roulent pendant votre s\u00e9jour \u00e0 Magaluf et r\u00e9servez vos billets en ligne.\" \/>\n<meta property=\"og:url\" content=\"https:\/\/magalufclubpass.com\/fr\/calendrier-des-evenements\/\" \/>\n<meta property=\"og:site_name\" content=\"MCP\" \/>\n<meta property=\"article:modified_time\" content=\"2025-07-24T08:05:47+00:00\" \/>\n<meta property=\"og:image\" content=\"https:\/\/magalufclubpass.com\/wp-content\/uploads\/2023\/01\/1-4-scaled-e1674123112876.jpg\" \/>\n\t<meta property=\"og:image:width\" content=\"1707\" \/>\n\t<meta property=\"og:image:height\" content=\"2067\" \/>\n\t<meta property=\"og:image:type\" content=\"image\/jpeg\" \/>\n<meta name=\"twitter:card\" content=\"summary_large_image\" \/>\n<meta name=\"twitter:label1\" content=\"Dur\u00e9e de lecture estim\u00e9e\" \/>\n\t<meta name=\"twitter:data1\" content=\"1 minute\" \/>\n<script type=\"application\/ld+json\" class=\"yoast-schema-graph\">{\"@context\":\"https:\\\/\\\/schema.org\",\"@graph\":[{\"@type\":\"WebPage\",\"@id\":\"https:\\\/\\\/magalufclubpass.com\\\/fr\\\/calendrier-des-evenements\\\/\",\"url\":\"https:\\\/\\\/magalufclubpass.com\\\/fr\\\/calendrier-des-evenements\\\/\",\"name\":\"Calendrier des \u00e9v\u00e9nements | Magaluf Club Pass | MCP\",\"isPartOf\":{\"@id\":\"https:\\\/\\\/magalufclubpass.com\\\/fr\\\/#website\"},\"primaryImageOfPage\":{\"@id\":\"https:\\\/\\\/magalufclubpass.com\\\/fr\\\/calendrier-des-evenements\\\/#primaryimage\"},\"image\":{\"@id\":\"https:\\\/\\\/magalufclubpass.com\\\/fr\\\/calendrier-des-evenements\\\/#primaryimage\"},\"thumbnailUrl\":\"https:\\\/\\\/magalufclubpass.com\\\/wp-content\\\/uploads\\\/2023\\\/01\\\/1-4-scaled-e1674123112876.jpg\",\"datePublished\":\"2023-01-07T13:15:40+00:00\",\"dateModified\":\"2025-07-24T08:05:47+00:00\",\"description\":\"Calendrier des \u00e9v\u00e9nements de la bo\u00eete de nuit de Magaluf 2024. \u00c9v\u00e9nements qui se d\u00e9roulent pendant votre s\u00e9jour \u00e0 Magaluf et r\u00e9servez vos billets en ligne.\",\"breadcrumb\":{\"@id\":\"https:\\\/\\\/magalufclubpass.com\\\/fr\\\/calendrier-des-evenements\\\/#breadcrumb\"},\"inLanguage\":\"fr-FR\",\"potentialAction\":[{\"@type\":\"ReadAction\",\"target\":[\"https:\\\/\\\/magalufclubpass.com\\\/fr\\\/calendrier-des-evenements\\\/\"]}]},{\"@type\":\"ImageObject\",\"inLanguage\":\"fr-FR\",\"@id\":\"https:\\\/\\\/magalufclubpass.com\\\/fr\\\/calendrier-des-evenements\\\/#primaryimage\",\"url\":\"https:\\\/\\\/magalufclubpass.com\\\/wp-content\\\/uploads\\\/2023\\\/01\\\/1-4-scaled-e1674123112876.jpg\",\"contentUrl\":\"https:\\\/\\\/magalufclubpass.com\\\/wp-content\\\/uploads\\\/2023\\\/01\\\/1-4-scaled-e1674123112876.jpg\",\"width\":1707,\"height\":2067,\"caption\":\"Tokio Joes Live acts\"},{\"@type\":\"BreadcrumbList\",\"@id\":\"https:\\\/\\\/magalufclubpass.com\\\/fr\\\/calendrier-des-evenements\\\/#breadcrumb\",\"itemListElement\":[{\"@type\":\"ListItem\",\"position\":1,\"name\":\"Home\",\"item\":\"https:\\\/\\\/magalufclubpass.com\\\/fr\\\/mcp\\\/\"},{\"@type\":\"ListItem\",\"position\":2,\"name\":\"Calendrier des \u00e9v\u00e9nements\"}]},{\"@type\":\"WebSite\",\"@id\":\"https:\\\/\\\/magalufclubpass.com\\\/fr\\\/#website\",\"url\":\"https:\\\/\\\/magalufclubpass.com\\\/fr\\\/\",\"name\":\"Magaluf Club Pass | MCP\",\"description\":\"Magaluf Club Pass\",\"publisher\":{\"@id\":\"https:\\\/\\\/magalufclubpass.com\\\/fr\\\/#organization\"},\"alternateName\":\"MCP\",\"potentialAction\":[{\"@type\":\"SearchAction\",\"target\":{\"@type\":\"EntryPoint\",\"urlTemplate\":\"https:\\\/\\\/magalufclubpass.com\\\/fr\\\/?s={search_term_string}\"},\"query-input\":{\"@type\":\"PropertyValueSpecification\",\"valueRequired\":true,\"valueName\":\"search_term_string\"}}],\"inLanguage\":\"fr-FR\"},{\"@type\":\"Organization\",\"@id\":\"https:\\\/\\\/magalufclubpass.com\\\/fr\\\/#organization\",\"name\":\"Magaluf Club Pass | MCP\",\"url\":\"https:\\\/\\\/magalufclubpass.com\\\/fr\\\/\",\"logo\":{\"@type\":\"ImageObject\",\"inLanguage\":\"fr-FR\",\"@id\":\"https:\\\/\\\/magalufclubpass.com\\\/fr\\\/#\\\/schema\\\/logo\\\/image\\\/\",\"url\":\"https:\\\/\\\/magalufclubpass.com\\\/wp-content\\\/uploads\\\/2022\\\/12\\\/cropped-mcp2-e1679768097857.png\",\"contentUrl\":\"https:\\\/\\\/magalufclubpass.com\\\/wp-content\\\/uploads\\\/2022\\\/12\\\/cropped-mcp2-e1679768097857.png\",\"width\":512,\"height\":267,\"caption\":\"Magaluf Club Pass | MCP\"},\"image\":{\"@id\":\"https:\\\/\\\/magalufclubpass.com\\\/fr\\\/#\\\/schema\\\/logo\\\/image\\\/\"}}]}<\/script>\n<!-- \/ Yoast SEO plugin. -->","yoast_head_json":{"title":"Calendrier des \u00e9v\u00e9nements | Magaluf Club Pass | MCP","description":"Calendrier des \u00e9v\u00e9nements de la bo\u00eete de nuit de Magaluf 2024. \u00c9v\u00e9nements qui se d\u00e9roulent pendant votre s\u00e9jour \u00e0 Magaluf et r\u00e9servez vos billets en ligne.","robots":{"index":"index","follow":"follow","max-snippet":"max-snippet:-1","max-image-preview":"max-image-preview:large","max-video-preview":"max-video-preview:-1"},"canonical":"https:\/\/magalufclubpass.com\/fr\/calendrier-des-evenements\/","og_locale":"fr_FR","og_type":"article","og_title":"Calendrier des \u00e9v\u00e9nements | Magaluf Club Pass | MCP","og_description":"Calendrier des \u00e9v\u00e9nements de la bo\u00eete de nuit de Magaluf 2024. \u00c9v\u00e9nements qui se d\u00e9roulent pendant votre s\u00e9jour \u00e0 Magaluf et r\u00e9servez vos billets en ligne.","og_url":"https:\/\/magalufclubpass.com\/fr\/calendrier-des-evenements\/","og_site_name":"MCP","article_modified_time":"2025-07-24T08:05:47+00:00","og_image":[{"width":1707,"height":2067,"url":"https:\/\/magalufclubpass.com\/wp-content\/uploads\/2023\/01\/1-4-scaled-e1674123112876.jpg","type":"image\/jpeg"}],"twitter_card":"summary_large_image","twitter_misc":{"Dur\u00e9e de lecture estim\u00e9e":"1 minute"},"schema":{"@context":"https:\/\/schema.org","@graph":[{"@type":"WebPage","@id":"https:\/\/magalufclubpass.com\/fr\/calendrier-des-evenements\/","url":"https:\/\/magalufclubpass.com\/fr\/calendrier-des-evenements\/","name":"Calendrier des \u00e9v\u00e9nements | Magaluf Club Pass | MCP","isPartOf":{"@id":"https:\/\/magalufclubpass.com\/fr\/#website"},"primaryImageOfPage":{"@id":"https:\/\/magalufclubpass.com\/fr\/calendrier-des-evenements\/#primaryimage"},"image":{"@id":"https:\/\/magalufclubpass.com\/fr\/calendrier-des-evenements\/#primaryimage"},"thumbnailUrl":"https:\/\/magalufclubpass.com\/wp-content\/uploads\/2023\/01\/1-4-scaled-e1674123112876.jpg","datePublished":"2023-01-07T13:15:40+00:00","dateModified":"2025-07-24T08:05:47+00:00","description":"Calendrier des \u00e9v\u00e9nements de la bo\u00eete de nuit de Magaluf 2024. \u00c9v\u00e9nements qui se d\u00e9roulent pendant votre s\u00e9jour \u00e0 Magaluf et r\u00e9servez vos billets en ligne.","breadcrumb":{"@id":"https:\/\/magalufclubpass.com\/fr\/calendrier-des-evenements\/#breadcrumb"},"inLanguage":"fr-FR","potentialAction":[{"@type":"ReadAction","target":["https:\/\/magalufclubpass.com\/fr\/calendrier-des-evenements\/"]}]},{"@type":"ImageObject","inLanguage":"fr-FR","@id":"https:\/\/magalufclubpass.com\/fr\/calendrier-des-evenements\/#primaryimage","url":"https:\/\/magalufclubpass.com\/wp-content\/uploads\/2023\/01\/1-4-scaled-e1674123112876.jpg","contentUrl":"https:\/\/magalufclubpass.com\/wp-content\/uploads\/2023\/01\/1-4-scaled-e1674123112876.jpg","width":1707,"height":2067,"caption":"Tokio Joes Live acts"},{"@type":"BreadcrumbList","@id":"https:\/\/magalufclubpass.com\/fr\/calendrier-des-evenements\/#breadcrumb","itemListElement":[{"@type":"ListItem","position":1,"name":"Home","item":"https:\/\/magalufclubpass.com\/fr\/mcp\/"},{"@type":"ListItem","position":2,"name":"Calendrier des \u00e9v\u00e9nements"}]},{"@type":"WebSite","@id":"https:\/\/magalufclubpass.com\/fr\/#website","url":"https:\/\/magalufclubpass.com\/fr\/","name":"Magaluf Club Pass | MCP","description":"Magaluf Club Pass","publisher":{"@id":"https:\/\/magalufclubpass.com\/fr\/#organization"},"alternateName":"MCP","potentialAction":[{"@type":"SearchAction","target":{"@type":"EntryPoint","urlTemplate":"https:\/\/magalufclubpass.com\/fr\/?s={search_term_string}"},"query-input":{"@type":"PropertyValueSpecification","valueRequired":true,"valueName":"search_term_string"}}],"inLanguage":"fr-FR"},{"@type":"Organization","@id":"https:\/\/magalufclubpass.com\/fr\/#organization","name":"Magaluf Club Pass | MCP","url":"https:\/\/magalufclubpass.com\/fr\/","logo":{"@type":"ImageObject","inLanguage":"fr-FR","@id":"https:\/\/magalufclubpass.com\/fr\/#\/schema\/logo\/image\/","url":"https:\/\/magalufclubpass.com\/wp-content\/uploads\/2022\/12\/cropped-mcp2-e1679768097857.png","contentUrl":"https:\/\/magalufclubpass.com\/wp-content\/uploads\/2022\/12\/cropped-mcp2-e1679768097857.png","width":512,"height":267,"caption":"Magaluf Club Pass | MCP"},"image":{"@id":"https:\/\/magalufclubpass.com\/fr\/#\/schema\/logo\/image\/"}}]}},"_links":{"self":[{"href":"https:\/\/magalufclubpass.com\/fr\/wp-json\/wp\/v2\/pages\/1430","targetHints":{"allow":["GET"]}}],"collection":[{"href":"https:\/\/magalufclubpass.com\/fr\/wp-json\/wp\/v2\/pages"}],"about":[{"href":"https:\/\/magalufclubpass.com\/fr\/wp-json\/wp\/v2\/types\/page"}],"author":[{"embeddable":true,"href":"https:\/\/magalufclubpass.com\/fr\/wp-json\/wp\/v2\/users\/1"}],"replies":[{"embeddable":true,"href":"https:\/\/magalufclubpass.com\/fr\/wp-json\/wp\/v2\/comments?post=1430"}],"version-history":[{"count":15,"href":"https:\/\/magalufclubpass.com\/fr\/wp-json\/wp\/v2\/pages\/1430\/revisions"}],"predecessor-version":[{"id":20548,"href":"https:\/\/magalufclubpass.com\/fr\/wp-json\/wp\/v2\/pages\/1430\/revisions\/20548"}],"wp:featuredmedia":[{"embeddable":true,"href":"https:\/\/magalufclubpass.com\/fr\/wp-json\/wp\/v2\/media\/1232"}],"wp:attachment":[{"href":"https:\/\/magalufclubpass.com\/fr\/wp-json\/wp\/v2\/media?parent=1430"}],"curies":[{"name":"wp","href":"https:\/\/api.w.org\/{rel}","templated":true}]}}