{"id":1474,"date":"2023-04-06T17:39:00","date_gmt":"2023-04-06T15:39:00","guid":{"rendered":"https:\/\/magalufclubpass.com\/billets\/pass-club-16-avril-1er-juin\/"},"modified":"2023-04-19T12:08:16","modified_gmt":"2023-04-19T10:08:16","slug":"pass-club-16-avril-1er-juin","status":"publish","type":"page","link":"https:\/\/magalufclubpass.com\/fr\/tickets\/pass-club-16-avril-1er-juin\/","title":{"rendered":"Club Pass 16 avril &#8211; 1er juin"},"content":{"rendered":"\t\t<div data-elementor-type=\"wp-page\" data-elementor-id=\"1474\" class=\"elementor elementor-1474\" data-elementor-post-type=\"page\">\n\t\t\t\t<div class=\"elementor-element elementor-element-6245d70 e-flex e-con-boxed e-con e-parent\" data-id=\"6245d70\" data-element_type=\"container\" data-settings=\"{&quot;background_background&quot;:&quot;classic&quot;}\">\n\t\t\t\t\t<div class=\"e-con-inner\">\n\t\t<div class=\"elementor-element elementor-element-960308f e-con-full e-flex e-con e-parent\" data-id=\"960308f\" data-element_type=\"container\">\n\t\t\t\t<div class=\"elementor-element elementor-element-2d1febb elementor-widget elementor-widget-heading\" data-id=\"2d1febb\" data-element_type=\"widget\" data-widget_type=\"heading.default\">\n\t\t\t\t<div class=\"elementor-widget-container\">\n\t\t\t\t\t<h1 class=\"elementor-heading-title elementor-size-default\">Club Pass 16 avril &#8211; 1er juin<\/h1>\t\t\t\t<\/div>\n\t\t\t\t<\/div>\n\t\t\t\t<div class=\"elementor-element elementor-element-f5d6fb4 pp-icon-list-traditional elementor-list-item-link-inline pp-icon-left elementor-widget elementor-widget-pp-icon-list\" data-id=\"f5d6fb4\" data-element_type=\"widget\" data-widget_type=\"pp-icon-list.default\">\n\t\t\t\t<div class=\"elementor-widget-container\">\n\t\t\t\t\t\t\t<div class=\"pp-list-container\">\n\t\t\t<ul class=\"pp-list-items\">\n\t\t\t\t\t\t\t\t\t\t\t\t\t\t\t\t\t\t\t\t\t<li class=\"pp-icon-list-item elementor-repeater-item-69b0761\">\n\t\t\t\t\t\t\t\t\t\t\t\t\t\t\t<a href=\"https:\/\/magalufclubpass.com\/event-calendar\/\">\n\t\t\t\t\t\t\t\t\t\t\t<span class=\"pp-icon-wrapper\">\n\t\t\t\t\t\t\t\t\t\t<span class=\"pp-icon-list-icon pp-icon \">\n\t\t\t\t\t\t<i aria-hidden=\"true\" class=\"fas fa-arrow-alt-circle-left\"><\/i><\/span>\t\t\t<\/span>\n\t\t\t\t\t\t\t\t\t\t<span class=\"pp-icon-list-text\">\n\t\t\t\t\t\t\t\tretour au calendrier des \u00e9v\u00e9nements\t\t\t\t\t\t\t<\/span>\n\t\t\t\t\t\t\t\t\t\t\t\t\t\t\t<\/a>\n\t\t\t\t\t\t\t\t\t\t\t\t\t\t<\/li>\n\t\t\t\t\t\t\t\t\t\t\t\t\t<\/ul>\n\t\t<\/div>\n\t\t\t\t\t\t<\/div>\n\t\t\t\t<\/div>\n\t\t\t\t<\/div>\n\t\t\t\t\t<\/div>\n\t\t\t\t<\/div>\n\t\t<div class=\"elementor-element elementor-element-b84e0d2 e-flex e-con-boxed e-con e-parent\" data-id=\"b84e0d2\" data-element_type=\"container\">\n\t\t\t\t\t<div class=\"e-con-inner\">\n\t\t<div class=\"elementor-element elementor-element-040d5e0 e-flex e-con-boxed e-con e-parent\" data-id=\"040d5e0\" data-element_type=\"container\" data-settings=\"{&quot;background_background&quot;:&quot;classic&quot;}\">\n\t\t\t\t\t<div class=\"e-con-inner\">\n\t\t\t\t<div class=\"elementor-element elementor-element-2bb54ac elementor-widget elementor-widget-heading\" data-id=\"2bb54ac\" data-element_type=\"widget\" data-widget_type=\"heading.default\">\n\t\t\t\t<div class=\"elementor-widget-container\">\n\t\t\t\t\t<h3 class=\"elementor-heading-title elementor-size-default\">Choisir un laissez-passer<\/h3>\t\t\t\t<\/div>\n\t\t\t\t<\/div>\n\t\t\t\t<div class=\"elementor-element elementor-element-42ee9ed elementor-widget-divider--view-line elementor-widget elementor-widget-divider\" data-id=\"42ee9ed\" data-element_type=\"widget\" data-widget_type=\"divider.default\">\n\t\t\t\t<div class=\"elementor-widget-container\">\n\t\t\t\t\t\t\t<div class=\"elementor-divider\">\n\t\t\t<span class=\"elementor-divider-separator\">\n\t\t\t\t\t\t<\/span>\n\t\t<\/div>\n\t\t\t\t\t\t<\/div>\n\t\t\t\t<\/div>\n\t\t\t\t<div class=\"elementor-element elementor-element-88b907c elementor-widget elementor-widget-text-editor\" data-id=\"88b907c\" data-element_type=\"widget\" data-widget_type=\"text-editor.default\">\n\t\t\t\t<div class=\"elementor-widget-container\">\n\t\t\t\t\t\t\t\t\t<p>Entr\u00e9e de la bo\u00eete de nuit Tokio Joes.<br \/>1 boisson par nuit.<\/p>\n\t\t\t\t\t\t\t\t<\/div>\n\t\t\t\t<\/div>\n\t\t\t\t<div class=\"elementor-element elementor-element-f8b5226 elementor-widget-divider--view-line elementor-widget elementor-widget-divider\" data-id=\"f8b5226\" data-element_type=\"widget\" data-widget_type=\"divider.default\">\n\t\t\t\t<div class=\"elementor-widget-container\">\n\t\t\t\t\t\t\t<div class=\"elementor-divider\">\n\t\t\t<span class=\"elementor-divider-separator\">\n\t\t\t\t\t\t<\/span>\n\t\t<\/div>\n\t\t\t\t\t\t<\/div>\n\t\t\t\t<\/div>\n\t\t<div class=\"elementor-element elementor-element-d318674 e-flex e-con-boxed e-con e-parent\" data-id=\"d318674\" data-element_type=\"container\">\n\t\t\t\t\t<div class=\"e-con-inner\">\n\t\t\t\t<div class=\"elementor-element elementor-element-59d348e elementor-widget elementor-widget-heading\" data-id=\"59d348e\" data-element_type=\"widget\" data-widget_type=\"heading.default\">\n\t\t\t\t<div class=\"elementor-widget-container\">\n\t\t\t\t\t<h4 class=\"elementor-heading-title elementor-size-default\">Pass 7 nuits<\/h4>\t\t\t\t<\/div>\n\t\t\t\t<\/div>\n\t\t\t\t<div class=\"elementor-element elementor-element-301bd57 elementor-widget elementor-widget-heading\" data-id=\"301bd57\" data-element_type=\"widget\" data-widget_type=\"heading.default\">\n\t\t\t\t<div class=\"elementor-widget-container\">\n\t\t\t\t\t<p class=\"elementor-heading-title elementor-size-default\">\u20ac50<\/p>\t\t\t\t<\/div>\n\t\t\t\t<\/div>\n\t\t\t\t<div class=\"elementor-element elementor-element-63106a1 elementor-align-center elementor-widget elementor-widget-button\" data-id=\"63106a1\" data-element_type=\"widget\" data-widget_type=\"button.default\">\n\t\t\t\t<div class=\"elementor-widget-container\">\n\t\t\t\t\t\t\t\t\t<div class=\"elementor-button-wrapper\">\n\t\t\t\t\t<a class=\"elementor-button elementor-button-link elementor-size-xs\" href=\"https:\/\/magalufclubpass.com\/product\/7-night-pass-r1\/\">\n\t\t\t\t\t\t<span class=\"elementor-button-content-wrapper\">\n\t\t\t\t\t\t\t\t\t<span class=\"elementor-button-text\">Acheter<\/span>\n\t\t\t\t\t<\/span>\n\t\t\t\t\t<\/a>\n\t\t\t\t<\/div>\n\t\t\t\t\t\t\t\t<\/div>\n\t\t\t\t<\/div>\n\t\t\t\t\t<\/div>\n\t\t\t\t<\/div>\n\t\t\t\t<div class=\"elementor-element elementor-element-4b29983 elementor-widget elementor-widget-text-editor\" data-id=\"4b29983\" data-element_type=\"widget\" data-widget_type=\"text-editor.default\">\n\t\t\t\t<div class=\"elementor-widget-container\">\n\t\t\t\t\t\t\t\t\t<p>Offre exclusive &#8211; 7 nuits pour le prix de 5 !<\/p>\n\t\t\t\t\t\t\t\t<\/div>\n\t\t\t\t<\/div>\n\t\t\t\t<div class=\"elementor-element elementor-element-17b4527 elementor-widget-divider--view-line elementor-widget elementor-widget-divider\" data-id=\"17b4527\" data-element_type=\"widget\" data-widget_type=\"divider.default\">\n\t\t\t\t<div class=\"elementor-widget-container\">\n\t\t\t\t\t\t\t<div class=\"elementor-divider\">\n\t\t\t<span class=\"elementor-divider-separator\">\n\t\t\t\t\t\t<\/span>\n\t\t<\/div>\n\t\t\t\t\t\t<\/div>\n\t\t\t\t<\/div>\n\t\t<div class=\"elementor-element elementor-element-bd8615c e-flex e-con-boxed e-con e-parent\" data-id=\"bd8615c\" data-element_type=\"container\">\n\t\t\t\t\t<div class=\"e-con-inner\">\n\t\t\t\t<div class=\"elementor-element elementor-element-126a377 elementor-widget elementor-widget-heading\" data-id=\"126a377\" data-element_type=\"widget\" data-widget_type=\"heading.default\">\n\t\t\t\t<div class=\"elementor-widget-container\">\n\t\t\t\t\t<h4 class=\"elementor-heading-title elementor-size-default\">Pass 4 nuits<\/h4>\t\t\t\t<\/div>\n\t\t\t\t<\/div>\n\t\t\t\t<div class=\"elementor-element elementor-element-62c5f79 elementor-widget elementor-widget-heading\" data-id=\"62c5f79\" data-element_type=\"widget\" data-widget_type=\"heading.default\">\n\t\t\t\t<div class=\"elementor-widget-container\">\n\t\t\t\t\t<p class=\"elementor-heading-title elementor-size-default\">\u20ac32<\/p>\t\t\t\t<\/div>\n\t\t\t\t<\/div>\n\t\t\t\t<div class=\"elementor-element elementor-element-7ed1881 elementor-align-center elementor-widget elementor-widget-button\" data-id=\"7ed1881\" data-element_type=\"widget\" data-widget_type=\"button.default\">\n\t\t\t\t<div class=\"elementor-widget-container\">\n\t\t\t\t\t\t\t\t\t<div class=\"elementor-button-wrapper\">\n\t\t\t\t\t<a class=\"elementor-button elementor-button-link elementor-size-xs\" href=\"https:\/\/magalufclubpass.com\/product\/4-night-pass-r1\/\">\n\t\t\t\t\t\t<span class=\"elementor-button-content-wrapper\">\n\t\t\t\t\t\t\t\t\t<span class=\"elementor-button-text\">Acheter<\/span>\n\t\t\t\t\t<\/span>\n\t\t\t\t\t<\/a>\n\t\t\t\t<\/div>\n\t\t\t\t\t\t\t\t<\/div>\n\t\t\t\t<\/div>\n\t\t\t\t\t<\/div>\n\t\t\t\t<\/div>\n\t\t\t\t<div class=\"elementor-element elementor-element-01b0d63 elementor-widget-divider--view-line elementor-widget elementor-widget-divider\" data-id=\"01b0d63\" data-element_type=\"widget\" data-widget_type=\"divider.default\">\n\t\t\t\t<div class=\"elementor-widget-container\">\n\t\t\t\t\t\t\t<div class=\"elementor-divider\">\n\t\t\t<span class=\"elementor-divider-separator\">\n\t\t\t\t\t\t<\/span>\n\t\t<\/div>\n\t\t\t\t\t\t<\/div>\n\t\t\t\t<\/div>\n\t\t<div class=\"elementor-element elementor-element-54c2d5e e-flex e-con-boxed e-con e-parent\" data-id=\"54c2d5e\" data-element_type=\"container\">\n\t\t\t\t\t<div class=\"e-con-inner\">\n\t\t\t\t<div class=\"elementor-element elementor-element-f407b98 elementor-widget elementor-widget-heading\" data-id=\"f407b98\" data-element_type=\"widget\" data-widget_type=\"heading.default\">\n\t\t\t\t<div class=\"elementor-widget-container\">\n\t\t\t\t\t<h4 class=\"elementor-heading-title elementor-size-default\">Pass 3 nuits<\/h4>\t\t\t\t<\/div>\n\t\t\t\t<\/div>\n\t\t\t\t<div class=\"elementor-element elementor-element-94529c6 elementor-widget elementor-widget-heading\" data-id=\"94529c6\" data-element_type=\"widget\" data-widget_type=\"heading.default\">\n\t\t\t\t<div class=\"elementor-widget-container\">\n\t\t\t\t\t<p class=\"elementor-heading-title elementor-size-default\">\u20ac25<\/p>\t\t\t\t<\/div>\n\t\t\t\t<\/div>\n\t\t\t\t<div class=\"elementor-element elementor-element-d8addb7 elementor-align-center elementor-widget elementor-widget-button\" data-id=\"d8addb7\" data-element_type=\"widget\" data-widget_type=\"button.default\">\n\t\t\t\t<div class=\"elementor-widget-container\">\n\t\t\t\t\t\t\t\t\t<div class=\"elementor-button-wrapper\">\n\t\t\t\t\t<a class=\"elementor-button elementor-button-link elementor-size-xs\" href=\"https:\/\/magalufclubpass.com\/product\/3-night-pass-r1\/\">\n\t\t\t\t\t\t<span class=\"elementor-button-content-wrapper\">\n\t\t\t\t\t\t\t\t\t<span class=\"elementor-button-text\">Acheter<\/span>\n\t\t\t\t\t<\/span>\n\t\t\t\t\t<\/a>\n\t\t\t\t<\/div>\n\t\t\t\t\t\t\t\t<\/div>\n\t\t\t\t<\/div>\n\t\t\t\t\t<\/div>\n\t\t\t\t<\/div>\n\t\t\t\t<div class=\"elementor-element elementor-element-1e0ba0a elementor-widget-divider--view-line elementor-widget elementor-widget-divider\" data-id=\"1e0ba0a\" data-element_type=\"widget\" data-widget_type=\"divider.default\">\n\t\t\t\t<div class=\"elementor-widget-container\">\n\t\t\t\t\t\t\t<div class=\"elementor-divider\">\n\t\t\t<span class=\"elementor-divider-separator\">\n\t\t\t\t\t\t<\/span>\n\t\t<\/div>\n\t\t\t\t\t\t<\/div>\n\t\t\t\t<\/div>\n\t\t<div class=\"elementor-element elementor-element-2facc3d e-flex e-con-boxed e-con e-parent\" data-id=\"2facc3d\" data-element_type=\"container\">\n\t\t\t\t\t<div class=\"e-con-inner\">\n\t\t\t\t<div class=\"elementor-element elementor-element-7d1ed29 elementor-widget elementor-widget-heading\" data-id=\"7d1ed29\" data-element_type=\"widget\" data-widget_type=\"heading.default\">\n\t\t\t\t<div class=\"elementor-widget-container\">\n\t\t\t\t\t<h4 class=\"elementor-heading-title elementor-size-default\">Pass 1 nuit<\/h4>\t\t\t\t<\/div>\n\t\t\t\t<\/div>\n\t\t\t\t<div class=\"elementor-element elementor-element-e83c137 elementor-widget elementor-widget-heading\" data-id=\"e83c137\" data-element_type=\"widget\" data-widget_type=\"heading.default\">\n\t\t\t\t<div class=\"elementor-widget-container\">\n\t\t\t\t\t<p class=\"elementor-heading-title elementor-size-default\">\u20ac10<\/p>\t\t\t\t<\/div>\n\t\t\t\t<\/div>\n\t\t\t\t<div class=\"elementor-element elementor-element-c2299aa elementor-align-center elementor-widget elementor-widget-button\" data-id=\"c2299aa\" data-element_type=\"widget\" data-widget_type=\"button.default\">\n\t\t\t\t<div class=\"elementor-widget-container\">\n\t\t\t\t\t\t\t\t\t<div class=\"elementor-button-wrapper\">\n\t\t\t\t\t<a class=\"elementor-button elementor-button-link elementor-size-xs\" href=\"https:\/\/magalufclubpass.com\/product\/1-night-pass-r1\/\">\n\t\t\t\t\t\t<span class=\"elementor-button-content-wrapper\">\n\t\t\t\t\t\t\t\t\t<span class=\"elementor-button-text\">Acheter<\/span>\n\t\t\t\t\t<\/span>\n\t\t\t\t\t<\/a>\n\t\t\t\t<\/div>\n\t\t\t\t\t\t\t\t<\/div>\n\t\t\t\t<\/div>\n\t\t\t\t\t<\/div>\n\t\t\t\t<\/div>\n\t\t\t\t\t<\/div>\n\t\t\t\t<\/div>\n\t\t\t\t\t<\/div>\n\t\t\t\t<\/div>\n\t\t<div class=\"elementor-element elementor-element-60fab29 e-flex e-con-boxed e-con e-parent\" data-id=\"60fab29\" data-element_type=\"container\">\n\t\t\t\t\t<div class=\"e-con-inner\">\n\t\t\t\t<div class=\"elementor-element elementor-element-78256dc elementor-widget elementor-widget-heading\" data-id=\"78256dc\" data-element_type=\"widget\" data-widget_type=\"heading.default\">\n\t\t\t\t<div class=\"elementor-widget-container\">\n\t\t\t\t\t<h2 class=\"elementor-heading-title elementor-size-default\">Besoin d'aide ?<\/h2>\t\t\t\t<\/div>\n\t\t\t\t<\/div>\n\t\t\t\t<div class=\"elementor-element elementor-element-2ced638 elementor-widget elementor-widget-text-editor\" data-id=\"2ced638\" data-element_type=\"widget\" data-widget_type=\"text-editor.default\">\n\t\t\t\t<div class=\"elementor-widget-container\">\n\t\t\t\t\t\t\t\t\t<p>En savoir plus sur le fonctionnement du Magaluf Club Pass.<\/p>\n\t\t\t\t\t\t\t\t<\/div>\n\t\t\t\t<\/div>\n\t\t\t\t<div class=\"elementor-element elementor-element-19ae9d9 elementor-align-center elementor-widget elementor-widget-button\" data-id=\"19ae9d9\" data-element_type=\"widget\" data-widget_type=\"button.default\">\n\t\t\t\t<div class=\"elementor-widget-container\">\n\t\t\t\t\t\t\t\t\t<div class=\"elementor-button-wrapper\">\n\t\t\t\t\t<a class=\"elementor-button elementor-button-link elementor-size-sm\" href=\"https:\/\/magalufclubpass.com\/fr\/?page_id=1453\">\n\t\t\t\t\t\t<span class=\"elementor-button-content-wrapper\">\n\t\t\t\t\t\t\t\t\t<span class=\"elementor-button-text\">Comment cela fonctionne<\/span>\n\t\t\t\t\t<\/span>\n\t\t\t\t\t<\/a>\n\t\t\t\t<\/div>\n\t\t\t\t\t\t\t\t<\/div>\n\t\t\t\t<\/div>\n\t\t\t\t\t<\/div>\n\t\t\t\t<\/div>\n\t\t\t\t<\/div>\n\t\t","protected":false},"excerpt":{"rendered":"<p>retour au calendrier des \u00e9v\u00e9nements Choisir un laissez-passer Entr\u00e9e de la bo\u00eete de nuit Tokio Joes.1 boisson par nuit. Pass 7 nuits \u20ac50 Acheter Offre exclusive &#8211; 7 nuits pour le prix de 5 ! Pass 4 nuits \u20ac32 Acheter Pass 3 nuits \u20ac25 Acheter Pass 1 nuit \u20ac10 Acheter Besoin d&rsquo;aide ? En savoir [&hellip;]<\/p>\n","protected":false},"author":1,"featured_media":0,"parent":1453,"menu_order":0,"comment_status":"closed","ping_status":"closed","template":"","meta":{"footnotes":""},"class_list":["post-1474","page","type-page","status-publish","hentry"],"blocksy_meta":[],"yoast_head":"<!-- This site is optimized with the Yoast SEO Premium plugin v20.4 (Yoast SEO v26.6) - https:\/\/yoast.com\/wordpress\/plugins\/seo\/ -->\n<title>Club Pass 16 avril - 1er juin | Magaluf Club Pass | MCP<\/title>\n<meta name=\"robots\" content=\"index, follow, max-snippet:-1, max-image-preview:large, max-video-preview:-1\" \/>\n<link rel=\"canonical\" href=\"https:\/\/magalufclubpass.com\/fr\/tickets\/pass-club-16-avril-1er-juin\/\" \/>\n<meta property=\"og:locale\" content=\"fr_FR\" \/>\n<meta property=\"og:type\" content=\"article\" \/>\n<meta property=\"og:title\" content=\"Club Pass 16 avril - 1er juin\" \/>\n<meta property=\"og:description\" content=\"retour au calendrier des \u00e9v\u00e9nements Choisir un laissez-passer Entr\u00e9e de la bo\u00eete de nuit Tokio Joes.1 boisson par nuit. Pass 7 nuits \u20ac50 Acheter Offre exclusive &#8211; 7 nuits pour le prix de 5 ! Pass 4 nuits \u20ac32 Acheter Pass 3 nuits \u20ac25 Acheter Pass 1 nuit \u20ac10 Acheter Besoin d&rsquo;aide ? En savoir [&hellip;]\" \/>\n<meta property=\"og:url\" content=\"https:\/\/magalufclubpass.com\/fr\/tickets\/pass-club-16-avril-1er-juin\/\" \/>\n<meta property=\"og:site_name\" content=\"MCP\" \/>\n<meta property=\"article:modified_time\" content=\"2023-04-19T10:08:16+00:00\" \/>\n<meta property=\"og:image\" content=\"https:\/\/magalufclubpass.com\/wp-content\/uploads\/2023\/03\/cropped-mcp2-e1679768143501.png\" \/>\n\t<meta property=\"og:image:width\" content=\"150\" \/>\n\t<meta property=\"og:image:height\" content=\"83\" \/>\n\t<meta property=\"og:image:type\" content=\"image\/png\" \/>\n<meta name=\"twitter:card\" content=\"summary_large_image\" \/>\n<script type=\"application\/ld+json\" class=\"yoast-schema-graph\">{\"@context\":\"https:\/\/schema.org\",\"@graph\":[{\"@type\":\"WebPage\",\"@id\":\"https:\/\/magalufclubpass.com\/fr\/tickets\/pass-club-16-avril-1er-juin\/\",\"url\":\"https:\/\/magalufclubpass.com\/fr\/tickets\/pass-club-16-avril-1er-juin\/\",\"name\":\"Club Pass 16 avril - 1er juin | Magaluf Club Pass | MCP\",\"isPartOf\":{\"@id\":\"https:\/\/magalufclubpass.com\/fr\/#website\"},\"datePublished\":\"2023-04-06T15:39:00+00:00\",\"dateModified\":\"2023-04-19T10:08:16+00:00\",\"breadcrumb\":{\"@id\":\"https:\/\/magalufclubpass.com\/fr\/tickets\/pass-club-16-avril-1er-juin\/#breadcrumb\"},\"inLanguage\":\"fr-FR\",\"potentialAction\":[{\"@type\":\"ReadAction\",\"target\":[\"https:\/\/magalufclubpass.com\/fr\/tickets\/pass-club-16-avril-1er-juin\/\"]}]},{\"@type\":\"BreadcrumbList\",\"@id\":\"https:\/\/magalufclubpass.com\/fr\/tickets\/pass-club-16-avril-1er-juin\/#breadcrumb\",\"itemListElement\":[{\"@type\":\"ListItem\",\"position\":1,\"name\":\"Home\",\"item\":\"https:\/\/magalufclubpass.com\/fr\/mcp\/\"},{\"@type\":\"ListItem\",\"position\":2,\"name\":\"Billets\",\"item\":\"https:\/\/magalufclubpass.com\/fr\/tickets\/\"},{\"@type\":\"ListItem\",\"position\":3,\"name\":\"Club Pass 16 avril &#8211; 1er juin\"}]},{\"@type\":\"WebSite\",\"@id\":\"https:\/\/magalufclubpass.com\/fr\/#website\",\"url\":\"https:\/\/magalufclubpass.com\/fr\/\",\"name\":\"Magaluf Club Pass | MCP\",\"description\":\"Magaluf Club Pass\",\"publisher\":{\"@id\":\"https:\/\/magalufclubpass.com\/fr\/#organization\"},\"alternateName\":\"MCP\",\"potentialAction\":[{\"@type\":\"SearchAction\",\"target\":{\"@type\":\"EntryPoint\",\"urlTemplate\":\"https:\/\/magalufclubpass.com\/fr\/?s={search_term_string}\"},\"query-input\":{\"@type\":\"PropertyValueSpecification\",\"valueRequired\":true,\"valueName\":\"search_term_string\"}}],\"inLanguage\":\"fr-FR\"},{\"@type\":\"Organization\",\"@id\":\"https:\/\/magalufclubpass.com\/fr\/#organization\",\"name\":\"Magaluf Club Pass | MCP\",\"url\":\"https:\/\/magalufclubpass.com\/fr\/\",\"logo\":{\"@type\":\"ImageObject\",\"inLanguage\":\"fr-FR\",\"@id\":\"https:\/\/magalufclubpass.com\/fr\/#\/schema\/logo\/image\/\",\"url\":\"https:\/\/magalufclubpass.com\/wp-content\/uploads\/2022\/12\/cropped-mcp2-e1679768097857.png\",\"contentUrl\":\"https:\/\/magalufclubpass.com\/wp-content\/uploads\/2022\/12\/cropped-mcp2-e1679768097857.png\",\"width\":512,\"height\":267,\"caption\":\"Magaluf Club Pass | MCP\"},\"image\":{\"@id\":\"https:\/\/magalufclubpass.com\/fr\/#\/schema\/logo\/image\/\"}}]}<\/script>\n<!-- \/ Yoast SEO Premium plugin. -->","yoast_head_json":{"title":"Club Pass 16 avril - 1er juin | Magaluf Club Pass | MCP","robots":{"index":"index","follow":"follow","max-snippet":"max-snippet:-1","max-image-preview":"max-image-preview:large","max-video-preview":"max-video-preview:-1"},"canonical":"https:\/\/magalufclubpass.com\/fr\/tickets\/pass-club-16-avril-1er-juin\/","og_locale":"fr_FR","og_type":"article","og_title":"Club Pass 16 avril - 1er juin","og_description":"retour au calendrier des \u00e9v\u00e9nements Choisir un laissez-passer Entr\u00e9e de la bo\u00eete de nuit Tokio Joes.1 boisson par nuit. Pass 7 nuits \u20ac50 Acheter Offre exclusive &#8211; 7 nuits pour le prix de 5 ! Pass 4 nuits \u20ac32 Acheter Pass 3 nuits \u20ac25 Acheter Pass 1 nuit \u20ac10 Acheter Besoin d&rsquo;aide ? En savoir [&hellip;]","og_url":"https:\/\/magalufclubpass.com\/fr\/tickets\/pass-club-16-avril-1er-juin\/","og_site_name":"MCP","article_modified_time":"2023-04-19T10:08:16+00:00","og_image":[{"width":150,"height":83,"url":"https:\/\/magalufclubpass.com\/wp-content\/uploads\/2023\/03\/cropped-mcp2-e1679768143501.png","type":"image\/png"}],"twitter_card":"summary_large_image","schema":{"@context":"https:\/\/schema.org","@graph":[{"@type":"WebPage","@id":"https:\/\/magalufclubpass.com\/fr\/tickets\/pass-club-16-avril-1er-juin\/","url":"https:\/\/magalufclubpass.com\/fr\/tickets\/pass-club-16-avril-1er-juin\/","name":"Club Pass 16 avril - 1er juin | Magaluf Club Pass | MCP","isPartOf":{"@id":"https:\/\/magalufclubpass.com\/fr\/#website"},"datePublished":"2023-04-06T15:39:00+00:00","dateModified":"2023-04-19T10:08:16+00:00","breadcrumb":{"@id":"https:\/\/magalufclubpass.com\/fr\/tickets\/pass-club-16-avril-1er-juin\/#breadcrumb"},"inLanguage":"fr-FR","potentialAction":[{"@type":"ReadAction","target":["https:\/\/magalufclubpass.com\/fr\/tickets\/pass-club-16-avril-1er-juin\/"]}]},{"@type":"BreadcrumbList","@id":"https:\/\/magalufclubpass.com\/fr\/tickets\/pass-club-16-avril-1er-juin\/#breadcrumb","itemListElement":[{"@type":"ListItem","position":1,"name":"Home","item":"https:\/\/magalufclubpass.com\/fr\/mcp\/"},{"@type":"ListItem","position":2,"name":"Billets","item":"https:\/\/magalufclubpass.com\/fr\/tickets\/"},{"@type":"ListItem","position":3,"name":"Club Pass 16 avril &#8211; 1er juin"}]},{"@type":"WebSite","@id":"https:\/\/magalufclubpass.com\/fr\/#website","url":"https:\/\/magalufclubpass.com\/fr\/","name":"Magaluf Club Pass | MCP","description":"Magaluf Club Pass","publisher":{"@id":"https:\/\/magalufclubpass.com\/fr\/#organization"},"alternateName":"MCP","potentialAction":[{"@type":"SearchAction","target":{"@type":"EntryPoint","urlTemplate":"https:\/\/magalufclubpass.com\/fr\/?s={search_term_string}"},"query-input":{"@type":"PropertyValueSpecification","valueRequired":true,"valueName":"search_term_string"}}],"inLanguage":"fr-FR"},{"@type":"Organization","@id":"https:\/\/magalufclubpass.com\/fr\/#organization","name":"Magaluf Club Pass | MCP","url":"https:\/\/magalufclubpass.com\/fr\/","logo":{"@type":"ImageObject","inLanguage":"fr-FR","@id":"https:\/\/magalufclubpass.com\/fr\/#\/schema\/logo\/image\/","url":"https:\/\/magalufclubpass.com\/wp-content\/uploads\/2022\/12\/cropped-mcp2-e1679768097857.png","contentUrl":"https:\/\/magalufclubpass.com\/wp-content\/uploads\/2022\/12\/cropped-mcp2-e1679768097857.png","width":512,"height":267,"caption":"Magaluf Club Pass | MCP"},"image":{"@id":"https:\/\/magalufclubpass.com\/fr\/#\/schema\/logo\/image\/"}}]}},"_links":{"self":[{"href":"https:\/\/magalufclubpass.com\/fr\/wp-json\/wp\/v2\/pages\/1474","targetHints":{"allow":["GET"]}}],"collection":[{"href":"https:\/\/magalufclubpass.com\/fr\/wp-json\/wp\/v2\/pages"}],"about":[{"href":"https:\/\/magalufclubpass.com\/fr\/wp-json\/wp\/v2\/types\/page"}],"author":[{"embeddable":true,"href":"https:\/\/magalufclubpass.com\/fr\/wp-json\/wp\/v2\/users\/1"}],"replies":[{"embeddable":true,"href":"https:\/\/magalufclubpass.com\/fr\/wp-json\/wp\/v2\/comments?post=1474"}],"version-history":[{"count":4,"href":"https:\/\/magalufclubpass.com\/fr\/wp-json\/wp\/v2\/pages\/1474\/revisions"}],"predecessor-version":[{"id":1883,"href":"https:\/\/magalufclubpass.com\/fr\/wp-json\/wp\/v2\/pages\/1474\/revisions\/1883"}],"up":[{"embeddable":true,"href":"https:\/\/magalufclubpass.com\/fr\/wp-json\/wp\/v2\/pages\/1453"}],"wp:attachment":[{"href":"https:\/\/magalufclubpass.com\/fr\/wp-json\/wp\/v2\/media?parent=1474"}],"curies":[{"name":"wp","href":"https:\/\/api.w.org\/{rel}","templated":true}]}}