{"id":1564,"date":"2023-01-07T14:16:00","date_gmt":"2023-01-07T13:16:00","guid":{"rendered":"https:\/\/magalufclubpass.com\/contactez-nous\/"},"modified":"2023-04-12T10:02:30","modified_gmt":"2023-04-12T08:02:30","slug":"contactez-nous","status":"publish","type":"page","link":"https:\/\/magalufclubpass.com\/fr\/contactez-nous\/","title":{"rendered":"Contactez-nous"},"content":{"rendered":"\t\t<div data-elementor-type=\"wp-page\" data-elementor-id=\"1564\" class=\"elementor elementor-1564 elementor-178\" data-elementor-post-type=\"page\">\n\t\t\t\t<div class=\"elementor-element elementor-element-7895e20 e-flex e-con-boxed e-con e-parent\" data-id=\"7895e20\" data-element_type=\"container\" data-e-type=\"container\" data-settings=\"{&quot;background_background&quot;:&quot;classic&quot;}\">\n\t\t\t\t\t<div class=\"e-con-inner\">\n\t\t<div class=\"elementor-element elementor-element-22acf65 e-con-full e-flex e-con e-parent\" data-id=\"22acf65\" data-element_type=\"container\" data-e-type=\"container\">\n\t\t\t\t<div class=\"elementor-element elementor-element-99c4bf8 elementor-widget elementor-widget-heading\" data-id=\"99c4bf8\" data-element_type=\"widget\" data-e-type=\"widget\" data-widget_type=\"heading.default\">\n\t\t\t\t<div class=\"elementor-widget-container\">\n\t\t\t\t\t<h1 class=\"elementor-heading-title elementor-size-default\">Contactez-nous<\/h1>\t\t\t\t<\/div>\n\t\t\t\t<\/div>\n\t\t\t\t<\/div>\n\t\t\t\t\t<\/div>\n\t\t\t\t<\/div>\n\t\t<div class=\"elementor-element elementor-element-429f031 e-flex e-con-boxed e-con e-parent\" data-id=\"429f031\" data-element_type=\"container\" data-e-type=\"container\" data-settings=\"{&quot;background_background&quot;:&quot;classic&quot;}\">\n\t\t\t\t\t<div class=\"e-con-inner\">\n\t\t<div class=\"elementor-element elementor-element-5aca6d1 e-flex e-con-boxed e-con e-parent\" data-id=\"5aca6d1\" data-element_type=\"container\" data-e-type=\"container\">\n\t\t\t\t\t<div class=\"e-con-inner\">\n\t\t<div class=\"elementor-element elementor-element-69e5a29 e-flex e-con-boxed e-con e-parent\" data-id=\"69e5a29\" data-element_type=\"container\" data-e-type=\"container\">\n\t\t\t\t\t<div class=\"e-con-inner\">\n\t\t\t\t\t<\/div>\n\t\t\t\t<\/div>\n\t\t\t\t\t<\/div>\n\t\t\t\t<\/div>\n\t\t\t\t\t<\/div>\n\t\t\t\t<\/div>\n\t\t\t\t<\/div>\n\t\t","protected":false},"excerpt":{"rendered":"<p>Contactez-nous [wpforms id=\u00a0\u00bb771&Prime; title=\u00a0\u00bbfalse\u00a0\u00bb description=\u00a0\u00bbfalse\u00a0\u00bb]<\/p>\n","protected":false},"author":1,"featured_media":1188,"parent":0,"menu_order":0,"comment_status":"closed","ping_status":"closed","template":"","meta":{"footnotes":""},"class_list":["post-1564","page","type-page","status-publish","has-post-thumbnail","hentry"],"blocksy_meta":{"styles_descriptor":{"styles":{"desktop":"","tablet":"","mobile":""},"google_fonts":[],"version":6}},"yoast_head":"<!-- This site is optimized with the Yoast SEO plugin v27.3 - https:\/\/yoast.com\/product\/yoast-seo-wordpress\/ -->\n<title>Contactez-nous | Magaluf Club Pass | MCP<\/title>\n<meta name=\"description\" content=\"Pour les questions g\u00e9n\u00e9rales, les r\u00e9servations VIP, les informations de presse et les informations sur les entreprises, veuillez contacter notre \u00e9quipe \u00e0 MCP.\" \/>\n<meta name=\"robots\" content=\"index, follow, max-snippet:-1, max-image-preview:large, max-video-preview:-1\" \/>\n<link rel=\"canonical\" href=\"https:\/\/magalufclubpass.com\/fr\/contactez-nous\/\" \/>\n<meta property=\"og:locale\" content=\"fr_FR\" \/>\n<meta property=\"og:type\" content=\"article\" \/>\n<meta property=\"og:title\" content=\"Contactez-nous | Magaluf Club Pass | MCP\" \/>\n<meta property=\"og:description\" content=\"Pour les questions g\u00e9n\u00e9rales, les r\u00e9servations VIP, les informations de presse et les informations sur les entreprises, veuillez contacter notre \u00e9quipe \u00e0 MCP.\" \/>\n<meta property=\"og:url\" content=\"https:\/\/magalufclubpass.com\/fr\/contactez-nous\/\" \/>\n<meta property=\"og:site_name\" content=\"MCP\" \/>\n<meta property=\"article:modified_time\" content=\"2023-04-12T08:02:30+00:00\" \/>\n<meta property=\"og:image\" content=\"https:\/\/magalufclubpass.com\/wp-content\/uploads\/2023\/01\/4-1-scaled-e1673956046850.jpg\" \/>\n\t<meta property=\"og:image:width\" content=\"1706\" \/>\n\t<meta property=\"og:image:height\" content=\"1433\" \/>\n\t<meta property=\"og:image:type\" content=\"image\/jpeg\" \/>\n<meta name=\"twitter:card\" content=\"summary_large_image\" \/>\n<script type=\"application\/ld+json\" class=\"yoast-schema-graph\">{\"@context\":\"https:\\\/\\\/schema.org\",\"@graph\":[{\"@type\":\"WebPage\",\"@id\":\"https:\\\/\\\/magalufclubpass.com\\\/fr\\\/contactez-nous\\\/\",\"url\":\"https:\\\/\\\/magalufclubpass.com\\\/fr\\\/contactez-nous\\\/\",\"name\":\"Contactez-nous | Magaluf Club Pass | MCP\",\"isPartOf\":{\"@id\":\"https:\\\/\\\/magalufclubpass.com\\\/fr\\\/#website\"},\"primaryImageOfPage\":{\"@id\":\"https:\\\/\\\/magalufclubpass.com\\\/fr\\\/contactez-nous\\\/#primaryimage\"},\"image\":{\"@id\":\"https:\\\/\\\/magalufclubpass.com\\\/fr\\\/contactez-nous\\\/#primaryimage\"},\"thumbnailUrl\":\"https:\\\/\\\/magalufclubpass.com\\\/wp-content\\\/uploads\\\/2023\\\/01\\\/4-1-scaled-e1673956046850.jpg\",\"datePublished\":\"2023-01-07T13:16:00+00:00\",\"dateModified\":\"2023-04-12T08:02:30+00:00\",\"description\":\"Pour les questions g\u00e9n\u00e9rales, les r\u00e9servations VIP, les informations de presse et les informations sur les entreprises, veuillez contacter notre \u00e9quipe \u00e0 MCP.\",\"breadcrumb\":{\"@id\":\"https:\\\/\\\/magalufclubpass.com\\\/fr\\\/contactez-nous\\\/#breadcrumb\"},\"inLanguage\":\"fr-FR\",\"potentialAction\":[{\"@type\":\"ReadAction\",\"target\":[\"https:\\\/\\\/magalufclubpass.com\\\/fr\\\/contactez-nous\\\/\"]}]},{\"@type\":\"ImageObject\",\"inLanguage\":\"fr-FR\",\"@id\":\"https:\\\/\\\/magalufclubpass.com\\\/fr\\\/contactez-nous\\\/#primaryimage\",\"url\":\"https:\\\/\\\/magalufclubpass.com\\\/wp-content\\\/uploads\\\/2023\\\/01\\\/4-1-scaled-e1673956046850.jpg\",\"contentUrl\":\"https:\\\/\\\/magalufclubpass.com\\\/wp-content\\\/uploads\\\/2023\\\/01\\\/4-1-scaled-e1673956046850.jpg\",\"width\":1706,\"height\":1433,\"caption\":\"Magaluf club pass\"},{\"@type\":\"BreadcrumbList\",\"@id\":\"https:\\\/\\\/magalufclubpass.com\\\/fr\\\/contactez-nous\\\/#breadcrumb\",\"itemListElement\":[{\"@type\":\"ListItem\",\"position\":1,\"name\":\"Home\",\"item\":\"https:\\\/\\\/magalufclubpass.com\\\/fr\\\/mcp\\\/\"},{\"@type\":\"ListItem\",\"position\":2,\"name\":\"Contactez-nous\"}]},{\"@type\":\"WebSite\",\"@id\":\"https:\\\/\\\/magalufclubpass.com\\\/fr\\\/#website\",\"url\":\"https:\\\/\\\/magalufclubpass.com\\\/fr\\\/\",\"name\":\"Magaluf Club Pass | MCP\",\"description\":\"Magaluf Club Pass\",\"publisher\":{\"@id\":\"https:\\\/\\\/magalufclubpass.com\\\/fr\\\/#organization\"},\"alternateName\":\"MCP\",\"potentialAction\":[{\"@type\":\"SearchAction\",\"target\":{\"@type\":\"EntryPoint\",\"urlTemplate\":\"https:\\\/\\\/magalufclubpass.com\\\/fr\\\/?s={search_term_string}\"},\"query-input\":{\"@type\":\"PropertyValueSpecification\",\"valueRequired\":true,\"valueName\":\"search_term_string\"}}],\"inLanguage\":\"fr-FR\"},{\"@type\":\"Organization\",\"@id\":\"https:\\\/\\\/magalufclubpass.com\\\/fr\\\/#organization\",\"name\":\"Magaluf Club Pass | MCP\",\"url\":\"https:\\\/\\\/magalufclubpass.com\\\/fr\\\/\",\"logo\":{\"@type\":\"ImageObject\",\"inLanguage\":\"fr-FR\",\"@id\":\"https:\\\/\\\/magalufclubpass.com\\\/fr\\\/#\\\/schema\\\/logo\\\/image\\\/\",\"url\":\"https:\\\/\\\/magalufclubpass.com\\\/wp-content\\\/uploads\\\/2022\\\/12\\\/cropped-mcp2-e1679768097857.png\",\"contentUrl\":\"https:\\\/\\\/magalufclubpass.com\\\/wp-content\\\/uploads\\\/2022\\\/12\\\/cropped-mcp2-e1679768097857.png\",\"width\":512,\"height\":267,\"caption\":\"Magaluf Club Pass | MCP\"},\"image\":{\"@id\":\"https:\\\/\\\/magalufclubpass.com\\\/fr\\\/#\\\/schema\\\/logo\\\/image\\\/\"}}]}<\/script>\n<!-- \/ Yoast SEO plugin. -->","yoast_head_json":{"title":"Contactez-nous | Magaluf Club Pass | MCP","description":"Pour les questions g\u00e9n\u00e9rales, les r\u00e9servations VIP, les informations de presse et les informations sur les entreprises, veuillez contacter notre \u00e9quipe \u00e0 MCP.","robots":{"index":"index","follow":"follow","max-snippet":"max-snippet:-1","max-image-preview":"max-image-preview:large","max-video-preview":"max-video-preview:-1"},"canonical":"https:\/\/magalufclubpass.com\/fr\/contactez-nous\/","og_locale":"fr_FR","og_type":"article","og_title":"Contactez-nous | Magaluf Club Pass | MCP","og_description":"Pour les questions g\u00e9n\u00e9rales, les r\u00e9servations VIP, les informations de presse et les informations sur les entreprises, veuillez contacter notre \u00e9quipe \u00e0 MCP.","og_url":"https:\/\/magalufclubpass.com\/fr\/contactez-nous\/","og_site_name":"MCP","article_modified_time":"2023-04-12T08:02:30+00:00","og_image":[{"width":1706,"height":1433,"url":"https:\/\/magalufclubpass.com\/wp-content\/uploads\/2023\/01\/4-1-scaled-e1673956046850.jpg","type":"image\/jpeg"}],"twitter_card":"summary_large_image","schema":{"@context":"https:\/\/schema.org","@graph":[{"@type":"WebPage","@id":"https:\/\/magalufclubpass.com\/fr\/contactez-nous\/","url":"https:\/\/magalufclubpass.com\/fr\/contactez-nous\/","name":"Contactez-nous | Magaluf Club Pass | MCP","isPartOf":{"@id":"https:\/\/magalufclubpass.com\/fr\/#website"},"primaryImageOfPage":{"@id":"https:\/\/magalufclubpass.com\/fr\/contactez-nous\/#primaryimage"},"image":{"@id":"https:\/\/magalufclubpass.com\/fr\/contactez-nous\/#primaryimage"},"thumbnailUrl":"https:\/\/magalufclubpass.com\/wp-content\/uploads\/2023\/01\/4-1-scaled-e1673956046850.jpg","datePublished":"2023-01-07T13:16:00+00:00","dateModified":"2023-04-12T08:02:30+00:00","description":"Pour les questions g\u00e9n\u00e9rales, les r\u00e9servations VIP, les informations de presse et les informations sur les entreprises, veuillez contacter notre \u00e9quipe \u00e0 MCP.","breadcrumb":{"@id":"https:\/\/magalufclubpass.com\/fr\/contactez-nous\/#breadcrumb"},"inLanguage":"fr-FR","potentialAction":[{"@type":"ReadAction","target":["https:\/\/magalufclubpass.com\/fr\/contactez-nous\/"]}]},{"@type":"ImageObject","inLanguage":"fr-FR","@id":"https:\/\/magalufclubpass.com\/fr\/contactez-nous\/#primaryimage","url":"https:\/\/magalufclubpass.com\/wp-content\/uploads\/2023\/01\/4-1-scaled-e1673956046850.jpg","contentUrl":"https:\/\/magalufclubpass.com\/wp-content\/uploads\/2023\/01\/4-1-scaled-e1673956046850.jpg","width":1706,"height":1433,"caption":"Magaluf club pass"},{"@type":"BreadcrumbList","@id":"https:\/\/magalufclubpass.com\/fr\/contactez-nous\/#breadcrumb","itemListElement":[{"@type":"ListItem","position":1,"name":"Home","item":"https:\/\/magalufclubpass.com\/fr\/mcp\/"},{"@type":"ListItem","position":2,"name":"Contactez-nous"}]},{"@type":"WebSite","@id":"https:\/\/magalufclubpass.com\/fr\/#website","url":"https:\/\/magalufclubpass.com\/fr\/","name":"Magaluf Club Pass | MCP","description":"Magaluf Club Pass","publisher":{"@id":"https:\/\/magalufclubpass.com\/fr\/#organization"},"alternateName":"MCP","potentialAction":[{"@type":"SearchAction","target":{"@type":"EntryPoint","urlTemplate":"https:\/\/magalufclubpass.com\/fr\/?s={search_term_string}"},"query-input":{"@type":"PropertyValueSpecification","valueRequired":true,"valueName":"search_term_string"}}],"inLanguage":"fr-FR"},{"@type":"Organization","@id":"https:\/\/magalufclubpass.com\/fr\/#organization","name":"Magaluf Club Pass | MCP","url":"https:\/\/magalufclubpass.com\/fr\/","logo":{"@type":"ImageObject","inLanguage":"fr-FR","@id":"https:\/\/magalufclubpass.com\/fr\/#\/schema\/logo\/image\/","url":"https:\/\/magalufclubpass.com\/wp-content\/uploads\/2022\/12\/cropped-mcp2-e1679768097857.png","contentUrl":"https:\/\/magalufclubpass.com\/wp-content\/uploads\/2022\/12\/cropped-mcp2-e1679768097857.png","width":512,"height":267,"caption":"Magaluf Club Pass | MCP"},"image":{"@id":"https:\/\/magalufclubpass.com\/fr\/#\/schema\/logo\/image\/"}}]}},"_links":{"self":[{"href":"https:\/\/magalufclubpass.com\/fr\/wp-json\/wp\/v2\/pages\/1564","targetHints":{"allow":["GET"]}}],"collection":[{"href":"https:\/\/magalufclubpass.com\/fr\/wp-json\/wp\/v2\/pages"}],"about":[{"href":"https:\/\/magalufclubpass.com\/fr\/wp-json\/wp\/v2\/types\/page"}],"author":[{"embeddable":true,"href":"https:\/\/magalufclubpass.com\/fr\/wp-json\/wp\/v2\/users\/1"}],"replies":[{"embeddable":true,"href":"https:\/\/magalufclubpass.com\/fr\/wp-json\/wp\/v2\/comments?post=1564"}],"version-history":[{"count":2,"href":"https:\/\/magalufclubpass.com\/fr\/wp-json\/wp\/v2\/pages\/1564\/revisions"}],"predecessor-version":[{"id":1566,"href":"https:\/\/magalufclubpass.com\/fr\/wp-json\/wp\/v2\/pages\/1564\/revisions\/1566"}],"wp:featuredmedia":[{"embeddable":true,"href":"https:\/\/magalufclubpass.com\/fr\/wp-json\/wp\/v2\/media\/1188"}],"wp:attachment":[{"href":"https:\/\/magalufclubpass.com\/fr\/wp-json\/wp\/v2\/media?parent=1564"}],"curies":[{"name":"wp","href":"https:\/\/api.w.org\/{rel}","templated":true}]}}