{"id":991,"date":"2023-03-25T17:55:38","date_gmt":"2023-03-25T16:55:38","guid":{"rendered":"https:\/\/magalufclubpass.com\/paiement\/"},"modified":"2025-07-24T10:15:34","modified_gmt":"2025-07-24T08:15:34","slug":"caisse","status":"publish","type":"page","link":"https:\/\/magalufclubpass.com\/fr\/caisse\/","title":{"rendered":"Checkout"},"content":{"rendered":"\t\t<div data-elementor-type=\"wp-page\" data-elementor-id=\"991\" class=\"elementor elementor-991 elementor-511\" data-elementor-post-type=\"page\">\n\t\t\t\t<div class=\"elementor-element elementor-element-e6ef533 e-flex e-con-boxed e-con e-parent\" data-id=\"e6ef533\" data-element_type=\"container\" data-e-type=\"container\" data-settings=\"{&quot;background_background&quot;:&quot;classic&quot;}\">\n\t\t\t\t\t<div class=\"e-con-inner\">\n\t\t<div class=\"elementor-element elementor-element-57fef66 e-con-full e-flex e-con e-child\" data-id=\"57fef66\" data-element_type=\"container\" data-e-type=\"container\">\n\t\t\t\t<div class=\"elementor-element elementor-element-c191e8e elementor-widget elementor-widget-heading\" data-id=\"c191e8e\" data-element_type=\"widget\" data-e-type=\"widget\" data-widget_type=\"heading.default\">\n\t\t\t\t<div class=\"elementor-widget-container\">\n\t\t\t\t\t<h1 class=\"elementor-heading-title elementor-size-default\">Checkout<\/h1>\t\t\t\t<\/div>\n\t\t\t\t<\/div>\n\t\t\t\t<div class=\"elementor-element elementor-element-5169e78 elementor-widget elementor-widget-shortcode\" data-id=\"5169e78\" data-element_type=\"widget\" data-e-type=\"widget\" data-widget_type=\"shortcode.default\">\n\t\t\t\t<div class=\"elementor-widget-container\">\n\t\t\t\t\t\t\t<div class=\"elementor-shortcode\"><div class=\"woocommerce\"><\/div><\/div>\n\t\t\t\t\t\t<\/div>\n\t\t\t\t<\/div>\n\t\t\t\t<div class=\"elementor-element elementor-element-5737bfc elementor-alert-warning elementor-widget elementor-widget-alert\" data-id=\"5737bfc\" data-element_type=\"widget\" data-e-type=\"widget\" data-widget_type=\"alert.default\">\n\t\t\t\t<div class=\"elementor-widget-container\">\n\t\t\t\t\t\t\t<div class=\"elementor-alert\" role=\"alert\">\n\n\t\t\t\t\t\t<span class=\"elementor-alert-title\">Comment obtenir vos billets<\/span>\n\t\t\t\n\t\t\t\t\t\t<span class=\"elementor-alert-description\">Une fois que vous aurez r\u00e9serv\u00e9 vos billets en ligne, vous recevrez un courriel de confirmation. Ce courriel contient un lien pour t\u00e9l\u00e9charger votre code QR. Assurez-vous de t\u00e9l\u00e9charger votre code QR avant d'arriver au club.  <\/span>\n\t\t\t\n\t\t\t\n\t\t<\/div>\n\t\t\t\t\t\t<\/div>\n\t\t\t\t<\/div>\n\t\t\t\t<\/div>\n\t\t\t\t\t<\/div>\n\t\t\t\t<\/div>\n\t\t\t\t<\/div>\n\t\t","protected":false},"excerpt":{"rendered":"<p>Checkout Comment obtenir vos billets Une fois que vous aurez r\u00e9serv\u00e9 vos billets en ligne, vous recevrez un courriel de confirmation. Ce courriel contient un lien pour t\u00e9l\u00e9charger votre code QR. Assurez-vous de t\u00e9l\u00e9charger votre code QR avant d&rsquo;arriver au club.<\/p>\n","protected":false},"author":1,"featured_media":992,"parent":0,"menu_order":0,"comment_status":"closed","ping_status":"closed","template":"","meta":{"footnotes":""},"class_list":["post-991","page","type-page","status-publish","has-post-thumbnail","hentry"],"blocksy_meta":{"styles_descriptor":{"styles":{"desktop":"","tablet":"","mobile":""},"google_fonts":[],"version":6}},"yoast_head":"<!-- This site is optimized with the Yoast SEO plugin v27.3 - https:\/\/yoast.com\/product\/yoast-seo-wordpress\/ -->\n<title>Checkout | Magaluf Club Pass | MCP<\/title>\n<meta name=\"description\" content=\"Achetez votre billet sur Magaluf Club Pass. R\u00e9servez en ligne et \u00e9conomisez de l&#039;argent.\" \/>\n<meta name=\"robots\" content=\"index, follow, max-snippet:-1, max-image-preview:large, max-video-preview:-1\" \/>\n<link rel=\"canonical\" href=\"https:\/\/magalufclubpass.com\/fr\/caisse\/\" \/>\n<meta property=\"og:locale\" content=\"fr_FR\" \/>\n<meta property=\"og:type\" content=\"article\" \/>\n<meta property=\"og:title\" content=\"Checkout | Magaluf Club Pass | MCP\" \/>\n<meta property=\"og:description\" content=\"Achetez votre billet sur Magaluf Club Pass. R\u00e9servez en ligne et \u00e9conomisez de l&#039;argent.\" \/>\n<meta property=\"og:url\" content=\"https:\/\/magalufclubpass.com\/fr\/caisse\/\" \/>\n<meta property=\"og:site_name\" content=\"MCP\" \/>\n<meta property=\"article:modified_time\" content=\"2025-07-24T08:15:34+00:00\" \/>\n<meta property=\"og:image\" content=\"https:\/\/magalufclubpass.com\/wp-content\/uploads\/2023\/01\/Screenshot-2023-01-19-at-10.58.49.jpg\" \/>\n\t<meta property=\"og:image:width\" content=\"1920\" \/>\n\t<meta property=\"og:image:height\" content=\"1080\" \/>\n\t<meta property=\"og:image:type\" content=\"image\/jpeg\" \/>\n<meta name=\"twitter:card\" content=\"summary_large_image\" \/>\n<script type=\"application\/ld+json\" class=\"yoast-schema-graph\">{\"@context\":\"https:\\\/\\\/schema.org\",\"@graph\":[{\"@type\":\"WebPage\",\"@id\":\"https:\\\/\\\/magalufclubpass.com\\\/fr\\\/caisse\\\/\",\"url\":\"https:\\\/\\\/magalufclubpass.com\\\/fr\\\/caisse\\\/\",\"name\":\"Checkout | Magaluf Club Pass | MCP\",\"isPartOf\":{\"@id\":\"https:\\\/\\\/magalufclubpass.com\\\/#website\"},\"primaryImageOfPage\":{\"@id\":\"https:\\\/\\\/magalufclubpass.com\\\/fr\\\/caisse\\\/#primaryimage\"},\"image\":{\"@id\":\"https:\\\/\\\/magalufclubpass.com\\\/fr\\\/caisse\\\/#primaryimage\"},\"thumbnailUrl\":\"https:\\\/\\\/magalufclubpass.com\\\/wp-content\\\/uploads\\\/2023\\\/01\\\/Screenshot-2023-01-19-at-10.58.49.jpg\",\"datePublished\":\"2023-03-25T16:55:38+00:00\",\"dateModified\":\"2025-07-24T08:15:34+00:00\",\"description\":\"Achetez votre billet sur Magaluf Club Pass. R\u00e9servez en ligne et \u00e9conomisez de l'argent.\",\"breadcrumb\":{\"@id\":\"https:\\\/\\\/magalufclubpass.com\\\/fr\\\/caisse\\\/#breadcrumb\"},\"inLanguage\":\"fr-FR\",\"potentialAction\":[{\"@type\":\"ReadAction\",\"target\":[\"https:\\\/\\\/magalufclubpass.com\\\/fr\\\/caisse\\\/\"]}]},{\"@type\":\"ImageObject\",\"inLanguage\":\"fr-FR\",\"@id\":\"https:\\\/\\\/magalufclubpass.com\\\/fr\\\/caisse\\\/#primaryimage\",\"url\":\"https:\\\/\\\/magalufclubpass.com\\\/wp-content\\\/uploads\\\/2023\\\/01\\\/Screenshot-2023-01-19-at-10.58.49.jpg\",\"contentUrl\":\"https:\\\/\\\/magalufclubpass.com\\\/wp-content\\\/uploads\\\/2023\\\/01\\\/Screenshot-2023-01-19-at-10.58.49.jpg\",\"width\":1920,\"height\":1080,\"caption\":\"Tokio Joes Magaluf MCP\"},{\"@type\":\"BreadcrumbList\",\"@id\":\"https:\\\/\\\/magalufclubpass.com\\\/fr\\\/caisse\\\/#breadcrumb\",\"itemListElement\":[{\"@type\":\"ListItem\",\"position\":1,\"name\":\"Home\",\"item\":\"https:\\\/\\\/magalufclubpass.com\\\/fr\\\/mcp\\\/\"},{\"@type\":\"ListItem\",\"position\":2,\"name\":\"Checkout\"}]},{\"@type\":\"WebSite\",\"@id\":\"https:\\\/\\\/magalufclubpass.com\\\/#website\",\"url\":\"https:\\\/\\\/magalufclubpass.com\\\/\",\"name\":\"Magaluf Club Pass | MCP\",\"description\":\"Magaluf Club Pass\",\"publisher\":{\"@id\":\"https:\\\/\\\/magalufclubpass.com\\\/#organization\"},\"alternateName\":\"MCP\",\"potentialAction\":[{\"@type\":\"SearchAction\",\"target\":{\"@type\":\"EntryPoint\",\"urlTemplate\":\"https:\\\/\\\/magalufclubpass.com\\\/?s={search_term_string}\"},\"query-input\":{\"@type\":\"PropertyValueSpecification\",\"valueRequired\":true,\"valueName\":\"search_term_string\"}}],\"inLanguage\":\"fr-FR\"},{\"@type\":\"Organization\",\"@id\":\"https:\\\/\\\/magalufclubpass.com\\\/#organization\",\"name\":\"Magaluf Club Pass | MCP\",\"url\":\"https:\\\/\\\/magalufclubpass.com\\\/\",\"logo\":{\"@type\":\"ImageObject\",\"inLanguage\":\"fr-FR\",\"@id\":\"https:\\\/\\\/magalufclubpass.com\\\/#\\\/schema\\\/logo\\\/image\\\/\",\"url\":\"https:\\\/\\\/magalufclubpass.com\\\/wp-content\\\/uploads\\\/2022\\\/12\\\/cropped-mcp2-e1679768097857.png\",\"contentUrl\":\"https:\\\/\\\/magalufclubpass.com\\\/wp-content\\\/uploads\\\/2022\\\/12\\\/cropped-mcp2-e1679768097857.png\",\"width\":512,\"height\":267,\"caption\":\"Magaluf Club Pass | MCP\"},\"image\":{\"@id\":\"https:\\\/\\\/magalufclubpass.com\\\/#\\\/schema\\\/logo\\\/image\\\/\"}}]}<\/script>\n<!-- \/ Yoast SEO plugin. -->","yoast_head_json":{"title":"Checkout | Magaluf Club Pass | MCP","description":"Achetez votre billet sur Magaluf Club Pass. R\u00e9servez en ligne et \u00e9conomisez de l'argent.","robots":{"index":"index","follow":"follow","max-snippet":"max-snippet:-1","max-image-preview":"max-image-preview:large","max-video-preview":"max-video-preview:-1"},"canonical":"https:\/\/magalufclubpass.com\/fr\/caisse\/","og_locale":"fr_FR","og_type":"article","og_title":"Checkout | Magaluf Club Pass | MCP","og_description":"Achetez votre billet sur Magaluf Club Pass. R\u00e9servez en ligne et \u00e9conomisez de l'argent.","og_url":"https:\/\/magalufclubpass.com\/fr\/caisse\/","og_site_name":"MCP","article_modified_time":"2025-07-24T08:15:34+00:00","og_image":[{"width":1920,"height":1080,"url":"https:\/\/magalufclubpass.com\/wp-content\/uploads\/2023\/01\/Screenshot-2023-01-19-at-10.58.49.jpg","type":"image\/jpeg"}],"twitter_card":"summary_large_image","schema":{"@context":"https:\/\/schema.org","@graph":[{"@type":"WebPage","@id":"https:\/\/magalufclubpass.com\/fr\/caisse\/","url":"https:\/\/magalufclubpass.com\/fr\/caisse\/","name":"Checkout | Magaluf Club Pass | MCP","isPartOf":{"@id":"https:\/\/magalufclubpass.com\/#website"},"primaryImageOfPage":{"@id":"https:\/\/magalufclubpass.com\/fr\/caisse\/#primaryimage"},"image":{"@id":"https:\/\/magalufclubpass.com\/fr\/caisse\/#primaryimage"},"thumbnailUrl":"https:\/\/magalufclubpass.com\/wp-content\/uploads\/2023\/01\/Screenshot-2023-01-19-at-10.58.49.jpg","datePublished":"2023-03-25T16:55:38+00:00","dateModified":"2025-07-24T08:15:34+00:00","description":"Achetez votre billet sur Magaluf Club Pass. R\u00e9servez en ligne et \u00e9conomisez de l'argent.","breadcrumb":{"@id":"https:\/\/magalufclubpass.com\/fr\/caisse\/#breadcrumb"},"inLanguage":"fr-FR","potentialAction":[{"@type":"ReadAction","target":["https:\/\/magalufclubpass.com\/fr\/caisse\/"]}]},{"@type":"ImageObject","inLanguage":"fr-FR","@id":"https:\/\/magalufclubpass.com\/fr\/caisse\/#primaryimage","url":"https:\/\/magalufclubpass.com\/wp-content\/uploads\/2023\/01\/Screenshot-2023-01-19-at-10.58.49.jpg","contentUrl":"https:\/\/magalufclubpass.com\/wp-content\/uploads\/2023\/01\/Screenshot-2023-01-19-at-10.58.49.jpg","width":1920,"height":1080,"caption":"Tokio Joes Magaluf MCP"},{"@type":"BreadcrumbList","@id":"https:\/\/magalufclubpass.com\/fr\/caisse\/#breadcrumb","itemListElement":[{"@type":"ListItem","position":1,"name":"Home","item":"https:\/\/magalufclubpass.com\/fr\/mcp\/"},{"@type":"ListItem","position":2,"name":"Checkout"}]},{"@type":"WebSite","@id":"https:\/\/magalufclubpass.com\/#website","url":"https:\/\/magalufclubpass.com\/","name":"Magaluf Club Pass | MCP","description":"Magaluf Club Pass","publisher":{"@id":"https:\/\/magalufclubpass.com\/#organization"},"alternateName":"MCP","potentialAction":[{"@type":"SearchAction","target":{"@type":"EntryPoint","urlTemplate":"https:\/\/magalufclubpass.com\/?s={search_term_string}"},"query-input":{"@type":"PropertyValueSpecification","valueRequired":true,"valueName":"search_term_string"}}],"inLanguage":"fr-FR"},{"@type":"Organization","@id":"https:\/\/magalufclubpass.com\/#organization","name":"Magaluf Club Pass | MCP","url":"https:\/\/magalufclubpass.com\/","logo":{"@type":"ImageObject","inLanguage":"fr-FR","@id":"https:\/\/magalufclubpass.com\/#\/schema\/logo\/image\/","url":"https:\/\/magalufclubpass.com\/wp-content\/uploads\/2022\/12\/cropped-mcp2-e1679768097857.png","contentUrl":"https:\/\/magalufclubpass.com\/wp-content\/uploads\/2022\/12\/cropped-mcp2-e1679768097857.png","width":512,"height":267,"caption":"Magaluf Club Pass | MCP"},"image":{"@id":"https:\/\/magalufclubpass.com\/#\/schema\/logo\/image\/"}}]}},"_links":{"self":[{"href":"https:\/\/magalufclubpass.com\/fr\/wp-json\/wp\/v2\/pages\/991","targetHints":{"allow":["GET"]}}],"collection":[{"href":"https:\/\/magalufclubpass.com\/fr\/wp-json\/wp\/v2\/pages"}],"about":[{"href":"https:\/\/magalufclubpass.com\/fr\/wp-json\/wp\/v2\/types\/page"}],"author":[{"embeddable":true,"href":"https:\/\/magalufclubpass.com\/fr\/wp-json\/wp\/v2\/users\/1"}],"replies":[{"embeddable":true,"href":"https:\/\/magalufclubpass.com\/fr\/wp-json\/wp\/v2\/comments?post=991"}],"version-history":[{"count":4,"href":"https:\/\/magalufclubpass.com\/fr\/wp-json\/wp\/v2\/pages\/991\/revisions"}],"predecessor-version":[{"id":20569,"href":"https:\/\/magalufclubpass.com\/fr\/wp-json\/wp\/v2\/pages\/991\/revisions\/20569"}],"wp:featuredmedia":[{"embeddable":true,"href":"https:\/\/magalufclubpass.com\/fr\/wp-json\/wp\/v2\/media\/992"}],"wp:attachment":[{"href":"https:\/\/magalufclubpass.com\/fr\/wp-json\/wp\/v2\/media?parent=991"}],"curies":[{"name":"wp","href":"https:\/\/api.w.org\/{rel}","templated":true}]}}